{"id":58,"date":"2024-09-05T15:15:44","date_gmt":"2024-09-05T12:15:44","guid":{"rendered":"https:\/\/www.northcaravan.fi\/de\/?page_id=58"},"modified":"2024-09-05T15:15:44","modified_gmt":"2024-09-05T12:15:44","slug":"gdpr-datenschutzerklarung","status":"publish","type":"page","link":"https:\/\/www.northcaravan.fi\/de\/gdpr-datenschutzerklarung\/","title":{"rendered":"GDPR Datenschutzerkl\u00e4rung"},"content":{"rendered":"<p><strong>Datenschutzerkl\u00e4rung North Caravan<\/strong><\/p>\n<p><strong>1. Verantwortlicher und Ansprechpartner<\/strong><br \/>\nRegistrar: North Caravan<br \/>\nAdresse: Hotintie 18, 90630 Oulu<br \/>\nTelefon: +358 44 5569188<br \/>\nE-Mail: pekka@northcaravan.fi<br \/>\nAnsprechpartner und Datenschutzbeauftragter: Pekka Komulainen<\/p>\n<p><strong>2. Registrieren Sie den Namen und die Registranten<\/strong><br \/>\nKundenregister. Im Register werden die Kundendaten des Unternehmens verarbeitet.<\/p>\n<p><strong>3. Zweck der Verarbeitung personenbezogener Daten<\/strong><br \/>\nZweck des Registers ist die aktuelle Verwaltung und Pflege der Kundendaten.<br \/>\nDas Register dient der Abrechnung des Mietwagens und dem Versand wichtiger Nachrichten f\u00fcr den Kunden.<br \/>\nDie Informationen werden nicht an Dritte weitergegeben.<\/p>\n<p><strong>4. Dateninhalt des Registers<\/strong><br \/>\nDas Register enth\u00e4lt die Kontaktinformationen der Kunden des Unternehmens und andere notwendige Informationen im Zusammenhang mit der Mitgliedschaft.<br \/>\nZu diesen Informationen geh\u00f6ren:<\/p>\n<p>Name des Mieters<br \/>\nAnschrift und Wohnsitz des Mieters<br \/>\nDie Rechnungsadresse des Mieters<br \/>\nE-Mail-Adresse des Mieters<br \/>\nTelefonnummer des Mieters<\/p>\n<p><strong>5. Regelm\u00e4\u00dfige Informationsquellen<br \/>\n<\/strong>Die Kontaktinformationen werden von der registrierten Person erfasst.<\/p>\n<p><strong>6. Schutz personenbezogener Daten und Informationssicherheit<\/strong><br \/>\nDie Kontaktinformationen der Kunden des Unternehmens werden in der Rechnungsbuchhaltung von North Caravan gespeichert. Das Register wird ausschlie\u00dflich auf der Festplatte des f\u00fcr die Rechnungsstellung verwendeten Computers und deren Backups gespeichert. Die Informationen k\u00f6nnen nicht \u00fcber das Internet abgerufen werden. Der Zugriff auf personenbezogene Daten ist begrenzt und die Daten werden nicht an andere Betreiber weitergegeben. Personenbezogene Daten werden im Register gespeichert, solange die registrierte Person Kunde von North Caravan ist. S\u00e4mtliches manuelles Material wird in einem verschlossenen Zustand aufbewahrt.<\/p>\n<p>Die Registerdaten werden vor Fremdzugriff gesch\u00fctzt und die Nutzung der Kundendaten wird \u00fcberwacht. Der Computer von North Caravan ist gesch\u00fctzt. Das E-Mail-Programm von North Caravan speichert die E-Mail-Adressen der empfangenen und an das Unternehmen gesendeten Nachrichten. \u00dcber die Kontaktformulare auf der Website von North Caravan \u00fcbermittelte Informationen werden an die E-Mail-Adresse von North Caravan weitergeleitet.<\/p>\n<p>F\u00fcr die Datensicherheit des E-Mail-Servers sorgt ein zuverl\u00e4ssiger inl\u00e4ndischer Dienstleister.<\/p>\n<p><strong>7. Regelm\u00e4\u00dfige \u00dcbermittlungen und \u00dcbermittlungen personenbezogener Daten<\/strong><br \/>\nPersonenbezogene Daten werden nur im internen System von Nort Caravan gespeichert, das nicht \u00fcber das Internet zug\u00e4nglich ist. Personenbezogene Daten werden nicht an andere Betreiber weitergegeben.<\/p>\n<p><strong>8. \u00dcbermittlung personenbezogener Daten au\u00dferhalb der Europ\u00e4ischen Union oder des Europ\u00e4ischen Wirtschaftsraums<\/strong><br \/>\nDas Unternehmen nutzt f\u00fcr die Verarbeitung von Kontaktdaten oder deren \u00dcbermittlung keine Dienste au\u00dferhalb der Europ\u00e4ischen Union bzw. des Europ\u00e4ischen Wirtschaftsraums und es wird kein weiterer Zugriff auf die Informationen gew\u00e4hrt, als f\u00fcr die Erbringung der Dienste erforderlich ist.<\/p>\n<p><strong>9. Aufbewahrungsfrist f\u00fcr personenbezogene Daten<\/strong><br \/>\nPersonenbezogene Daten werden im Register gespeichert, solange die registrierte Person Kunde von North Caravan ist.<\/p>\n<p><strong>10. Das Einsichtsrecht des Anmelders<\/strong><br \/>\nGrunds\u00e4tzlich hat die registrierte Person jederzeit das Recht, ihre im Personenregister gespeicherten Daten einzusehen<br \/>\nbeliebig:<br \/>\n&#8211; Informationen \u00fcber die Verarbeitung Ihrer personenbezogenen Daten erhalten;<br \/>\n&#8211; Zugriff auf Ihre eigenen Daten erhalten und die vom Unternehmen \u00fcber Sie verarbeiteten personenbezogenen Daten \u00fcberpr\u00fcfen;<br \/>\n&#8211; die Berichtigung und Vervollst\u00e4ndigung unrichtiger und unrichtiger personenbezogener Daten verlangen;<br \/>\n&#8211; die L\u00f6schung ihrer personenbezogenen Daten verlangen;<br \/>\n&#8211; seine Einwilligung widerrufen und der Verarbeitung seiner personenbezogenen Daten widersprechen, soweit die Verarbeitung personenbezogener Daten auf der Einwilligung der betroffenen Person beruht;<br \/>\n&#8211; er widerspricht der Verarbeitung seiner personenbezogenen Daten aus Gr\u00fcnden, die sich aus seiner pers\u00f6nlichen besonderen Situation ergeben, soweit die Grundlage f\u00fcr die Verarbeitung personenbezogener Daten das berechtigte Interesse des Vereins ist;<br \/>\n&#8211; ihre personenbezogenen Daten in elektronischer Form zu erhalten und die entsprechenden Daten an einen anderen Datenverantwortlichen zu \u00fcbermitteln, sofern die betroffene Person dem Unternehmen selbst die entsprechenden personenbezogenen Daten zur Verf\u00fcgung gestellt hat. Das Unternehmen verarbeitet die betreffenden personenbezogenen Daten auf Grundlage der Einwilligung der betroffenen Person und die Verarbeitung erfolgt automatisiert;<br \/>\n&#8211; die Einschr\u00e4nkung der Verarbeitung Ihrer personenbezogenen Daten verlangen.<\/p>\n<p>Die registrierte Person muss einen Antrag auf Aus\u00fcbung des oben genannten Rechts gem\u00e4\u00df Abschnitt eins (1) dieser Datenschutzerkl\u00e4rung stellen \u2013 Verantwortlicher und Ansprechpartner. Das Unternehmen kann den Registranten auffordern, seine Anfrage schriftlich zu pr\u00e4zisieren und die Identit\u00e4t des Registranten zu \u00fcberpr\u00fcfen, bevor er die Anfrage bearbeitet. Das Unternehmen kann die Erf\u00fcllung des Antrags auf der Grundlage des geltenden Rechts ablehnen.<\/p>\n<p><strong>11. Das Recht auf Beschwerde bei der Aufsichtsbeh\u00f6rde<\/strong><br \/>\nJede registrierte Person hat das Recht, eine Beschwerde bei der zust\u00e4ndigen Aufsichtsbeh\u00f6rde oder der Aufsichtsbeh\u00f6rde des Mitgliedsstaats der Europ\u00e4ischen Union einzureichen, in dem die registrierte Person ihren Wohnsitz hat bzw<br \/>\nder Arbeitsplatz liegt, wenn die betroffene Person der Ansicht ist, dass ihre personenbezogenen Daten nicht im Einklang mit den geltenden Datenschutzgesetzen verarbeitet wurden.<\/p>\n<p><strong>12. Kontakte<\/strong><br \/>\nAnfragen bez\u00fcglich der Aus\u00fcbung der Rechte des Registranten, Fragen zu dieser Datenschutzerkl\u00e4rung und andere Kontakte sollten an die E-Mail-Adresse des Registerverwalters pekka@northcaravan.fi gesendet werden<br \/>\nDie registrierte Person kann sich auch pers\u00f6nlich oder schriftlich an die untenstehende Adresse wenden:<br \/>\nNordkarawane<br \/>\nPekka Komulainen<br \/>\nHotintie 18<br \/>\n90630 Oulu<\/p>\n<p><strong>13. \u00c4nderungen dieser Datenschutzerkl\u00e4rung<\/strong><br \/>\nDiese Datenschutzerkl\u00e4rung kann von Zeit zu Zeit aktualisiert werden, beispielsweise wenn sich die Gesetzgebung \u00e4ndert. Diese Datenschutzerkl\u00e4rung wurde zuletzt am 25. Mai 2018 aktualisiert.<\/p>\n","protected":false},"excerpt":{"rendered":"<p>Datenschutzerkl\u00e4rung North Caravan 1. Verantwortlicher und Ansprechpartner Registrar: North Caravan Adresse: Hotintie 18, 90630 Oulu Telefon: +358 44 5569188 E-Mail: pekka@northcaravan.fi Ansprechpartner und Datenschutzbeauftragter: Pekka Komulainen 2. Registrieren Sie den Namen und die Registranten Kundenregister. Im Register werden die Kundendaten des Unternehmens verarbeitet. 3. Zweck der Verarbeitung personenbezogener Daten Zweck des Registers ist die aktuelle&#8230;<\/p>\n","protected":false},"author":1,"featured_media":0,"parent":0,"menu_order":0,"comment_status":"closed","ping_status":"closed","template":"","meta":{"footnotes":""},"class_list":["post-58","page","type-page","status-publish","hentry"],"yoast_head":"<!-- This site is optimized with the Yoast SEO plugin v27.4 - https:\/\/yoast.com\/product\/yoast-seo-wordpress\/ -->\n<title>GDPR Datenschutzerkl\u00e4rung - North Caravan Finnland<\/title>\n<meta name=\"robots\" content=\"index, follow, max-snippet:-1, max-image-preview:large, max-video-preview:-1\" \/>\n<link rel=\"canonical\" href=\"https:\/\/www.northcaravan.fi\/de\/gdpr-datenschutzerklarung\/\" \/>\n<meta property=\"og:locale\" content=\"fi_FI\" \/>\n<meta property=\"og:type\" content=\"article\" \/>\n<meta property=\"og:title\" content=\"GDPR Datenschutzerkl\u00e4rung - North Caravan Finnland\" \/>\n<meta property=\"og:description\" content=\"Datenschutzerkl\u00e4rung North Caravan 1. Verantwortlicher und Ansprechpartner Registrar: North Caravan Adresse: Hotintie 18, 90630 Oulu Telefon: +358 44 5569188 E-Mail: pekka@northcaravan.fi Ansprechpartner und Datenschutzbeauftragter: Pekka Komulainen 2. Registrieren Sie den Namen und die Registranten Kundenregister. Im Register werden die Kundendaten des Unternehmens verarbeitet. 3. Zweck der Verarbeitung personenbezogener Daten Zweck des Registers ist die aktuelle...\" \/>\n<meta property=\"og:url\" content=\"https:\/\/www.northcaravan.fi\/de\/gdpr-datenschutzerklarung\/\" \/>\n<meta property=\"og:site_name\" content=\"North Caravan Finnland\" \/>\n<meta name=\"twitter:card\" content=\"summary_large_image\" \/>\n<meta name=\"twitter:label1\" content=\"Arvioitu lukuaika\" \/>\n\t<meta name=\"twitter:data1\" content=\"5 minuuttia\" \/>\n<script type=\"application\/ld+json\" class=\"yoast-schema-graph\">{\"@context\":\"https:\\\/\\\/schema.org\",\"@graph\":[{\"@type\":\"WebPage\",\"@id\":\"https:\\\/\\\/www.northcaravan.fi\\\/de\\\/gdpr-datenschutzerklarung\\\/\",\"url\":\"https:\\\/\\\/www.northcaravan.fi\\\/de\\\/gdpr-datenschutzerklarung\\\/\",\"name\":\"GDPR Datenschutzerkl\u00e4rung - North Caravan Finnland\",\"isPartOf\":{\"@id\":\"https:\\\/\\\/www.northcaravan.fi\\\/de\\\/#website\"},\"datePublished\":\"2024-09-05T12:15:44+00:00\",\"breadcrumb\":{\"@id\":\"https:\\\/\\\/www.northcaravan.fi\\\/de\\\/gdpr-datenschutzerklarung\\\/#breadcrumb\"},\"inLanguage\":\"fi\",\"potentialAction\":[{\"@type\":\"ReadAction\",\"target\":[\"https:\\\/\\\/www.northcaravan.fi\\\/de\\\/gdpr-datenschutzerklarung\\\/\"]}]},{\"@type\":\"BreadcrumbList\",\"@id\":\"https:\\\/\\\/www.northcaravan.fi\\\/de\\\/gdpr-datenschutzerklarung\\\/#breadcrumb\",\"itemListElement\":[{\"@type\":\"ListItem\",\"position\":1,\"name\":\"Etusivu\",\"item\":\"https:\\\/\\\/www.northcaravan.fi\\\/de\\\/\"},{\"@type\":\"ListItem\",\"position\":2,\"name\":\"GDPR Datenschutzerkl\u00e4rung\"}]},{\"@type\":\"WebSite\",\"@id\":\"https:\\\/\\\/www.northcaravan.fi\\\/de\\\/#website\",\"url\":\"https:\\\/\\\/www.northcaravan.fi\\\/de\\\/\",\"name\":\"North Caravan Finnland\",\"description\":\"Reisemobil mieten in Finnland\",\"potentialAction\":[{\"@type\":\"SearchAction\",\"target\":{\"@type\":\"EntryPoint\",\"urlTemplate\":\"https:\\\/\\\/www.northcaravan.fi\\\/de\\\/?s={search_term_string}\"},\"query-input\":{\"@type\":\"PropertyValueSpecification\",\"valueRequired\":true,\"valueName\":\"search_term_string\"}}],\"inLanguage\":\"fi\"}]}<\/script>\n<!-- \/ Yoast SEO plugin. -->","yoast_head_json":{"title":"GDPR Datenschutzerkl\u00e4rung - North Caravan Finnland","robots":{"index":"index","follow":"follow","max-snippet":"max-snippet:-1","max-image-preview":"max-image-preview:large","max-video-preview":"max-video-preview:-1"},"canonical":"https:\/\/www.northcaravan.fi\/de\/gdpr-datenschutzerklarung\/","og_locale":"fi_FI","og_type":"article","og_title":"GDPR Datenschutzerkl\u00e4rung - North Caravan Finnland","og_description":"Datenschutzerkl\u00e4rung North Caravan 1. Verantwortlicher und Ansprechpartner Registrar: North Caravan Adresse: Hotintie 18, 90630 Oulu Telefon: +358 44 5569188 E-Mail: pekka@northcaravan.fi Ansprechpartner und Datenschutzbeauftragter: Pekka Komulainen 2. Registrieren Sie den Namen und die Registranten Kundenregister. Im Register werden die Kundendaten des Unternehmens verarbeitet. 3. Zweck der Verarbeitung personenbezogener Daten Zweck des Registers ist die aktuelle...","og_url":"https:\/\/www.northcaravan.fi\/de\/gdpr-datenschutzerklarung\/","og_site_name":"North Caravan Finnland","twitter_card":"summary_large_image","twitter_misc":{"Arvioitu lukuaika":"5 minuuttia"},"schema":{"@context":"https:\/\/schema.org","@graph":[{"@type":"WebPage","@id":"https:\/\/www.northcaravan.fi\/de\/gdpr-datenschutzerklarung\/","url":"https:\/\/www.northcaravan.fi\/de\/gdpr-datenschutzerklarung\/","name":"GDPR Datenschutzerkl\u00e4rung - North Caravan Finnland","isPartOf":{"@id":"https:\/\/www.northcaravan.fi\/de\/#website"},"datePublished":"2024-09-05T12:15:44+00:00","breadcrumb":{"@id":"https:\/\/www.northcaravan.fi\/de\/gdpr-datenschutzerklarung\/#breadcrumb"},"inLanguage":"fi","potentialAction":[{"@type":"ReadAction","target":["https:\/\/www.northcaravan.fi\/de\/gdpr-datenschutzerklarung\/"]}]},{"@type":"BreadcrumbList","@id":"https:\/\/www.northcaravan.fi\/de\/gdpr-datenschutzerklarung\/#breadcrumb","itemListElement":[{"@type":"ListItem","position":1,"name":"Etusivu","item":"https:\/\/www.northcaravan.fi\/de\/"},{"@type":"ListItem","position":2,"name":"GDPR Datenschutzerkl\u00e4rung"}]},{"@type":"WebSite","@id":"https:\/\/www.northcaravan.fi\/de\/#website","url":"https:\/\/www.northcaravan.fi\/de\/","name":"North Caravan Finnland","description":"Reisemobil mieten in Finnland","potentialAction":[{"@type":"SearchAction","target":{"@type":"EntryPoint","urlTemplate":"https:\/\/www.northcaravan.fi\/de\/?s={search_term_string}"},"query-input":{"@type":"PropertyValueSpecification","valueRequired":true,"valueName":"search_term_string"}}],"inLanguage":"fi"}]}},"_links":{"self":[{"href":"https:\/\/www.northcaravan.fi\/de\/wp-json\/wp\/v2\/pages\/58","targetHints":{"allow":["GET"]}}],"collection":[{"href":"https:\/\/www.northcaravan.fi\/de\/wp-json\/wp\/v2\/pages"}],"about":[{"href":"https:\/\/www.northcaravan.fi\/de\/wp-json\/wp\/v2\/types\/page"}],"author":[{"embeddable":true,"href":"https:\/\/www.northcaravan.fi\/de\/wp-json\/wp\/v2\/users\/1"}],"replies":[{"embeddable":true,"href":"https:\/\/www.northcaravan.fi\/de\/wp-json\/wp\/v2\/comments?post=58"}],"version-history":[{"count":1,"href":"https:\/\/www.northcaravan.fi\/de\/wp-json\/wp\/v2\/pages\/58\/revisions"}],"predecessor-version":[{"id":60,"href":"https:\/\/www.northcaravan.fi\/de\/wp-json\/wp\/v2\/pages\/58\/revisions\/60"}],"wp:attachment":[{"href":"https:\/\/www.northcaravan.fi\/de\/wp-json\/wp\/v2\/media?parent=58"}],"curies":[{"name":"wp","href":"https:\/\/api.w.org\/{rel}","templated":true}]}}