{"id":106,"date":"2024-09-05T14:48:56","date_gmt":"2024-09-05T11:48:56","guid":{"rendered":"https:\/\/www.northcaravan.fi\/ita\/?page_id=106"},"modified":"2024-09-05T14:48:56","modified_gmt":"2024-09-05T11:48:56","slug":"informativa-sulla-privacy","status":"publish","type":"page","link":"https:\/\/www.northcaravan.fi\/ita\/informativa-sulla-privacy\/","title":{"rendered":"Informativa sulla privacy"},"content":{"rendered":"<p><strong>Informativa sulla privacy North Caravan<\/strong><\/p>\n<p><strong>1. Titolare e referente<\/strong><br \/>\nCancelliere: North Caravan<br \/>\nIndirizzo: Hotitie 18, 90630 Oulu<br \/>\nTelefono: +358 44 5569188<br \/>\nE-mail: pekka@northcaravan.fi<br \/>\nPersona di contatto e responsabile della protezione dei dati: Pekka Komulainen<\/p>\n<p><strong>2. Registrare il nome e i dichiaranti<\/strong><br \/>\nRegistro clienti. I dati dei clienti dell&#8217;azienda vengono elaborati nel registro.<\/p>\n<p><strong>3. Finalit\u00e0 del trattamento dei dati personali<\/strong><br \/>\nLo scopo del registro \u00e8 la gestione e il mantenimento aggiornati dei dati dei clienti.<br \/>\nIl registro viene utilizzato per la fatturazione dell&#8217;auto noleggiata e per l&#8217;invio di messaggi importanti al cliente.<br \/>\nLe informazioni non vengono divulgate a terzi.<\/p>\n<p><strong>4. Contenuto dei dati del registro<\/strong><br \/>\nIl registro contiene le informazioni di contatto dei clienti dell&#8217;azienda e altre informazioni necessarie relative all&#8217;adesione.<br \/>\nQueste informazioni includono:<\/p>\n<p>Nome del noleggiatore<br \/>\nIndirizzo e domicilio del locatario<br \/>\nL&#8217;indirizzo di fatturazione del locatario<br \/>\nIndirizzo e-mail del noleggiatore<br \/>\nNumero di telefono dell&#8217;inquilino<\/p>\n<p><strong>5. Fonti regolari di informazione<\/strong><\/p>\n<p>Le informazioni di contatto vengono raccolte dalla persona registrata.<\/p>\n<p><strong>6. Tutela dei dati personali e sicurezza delle informazioni<\/strong><br \/>\nLe informazioni di contatto dei clienti dell&#8217;azienda sono conservate nella contabilit\u00e0 di fatturazione di North Caravan. Il registro \u00e8 conservato esclusivamente sul disco rigido del computer utilizzato per la fatturazione e sui relativi backup. Non \u00e8 possibile accedere alle informazioni via Internet. L&#8217;accesso ai dati personali \u00e8 limitato e i dati non vengono comunicati ad altri operatori. I dati personali saranno conservati nel registro finch\u00e9 la persona registrata sar\u00e0 un cliente di North Caravan. Tutto il materiale manuale \u00e8 mantenuto in uno stato bloccato.<\/p>\n<p>I dati del registro sono protetti dall&#8217;uso esterno e l&#8217;uso dei dati dei clienti \u00e8 monitorato. Il computer di North Caravan \u00e8 protetto. Il programma di posta elettronica di North Caravan salva gli indirizzi e-mail dei messaggi ricevuti e inviati all&#8217;azienda. Le informazioni inviate tramite i moduli di contatto sul sito web di North Caravan verranno inoltrate all&#8217;e-mail di North Caravan.<\/p>\n<p>La sicurezza dei dati del server di posta elettronica \u00e8 gestita da un affidabile fornitore di servizi nazionale.<\/p>\n<p><strong>7. Trasferimenti e trasferimenti regolari di dati personali<\/strong><br \/>\nI dati personali vengono archiviati solo nel sistema interno di Nort Caravan, che non \u00e8 accessibile tramite Internet. I dati personali non saranno comunicati ad altri operatori.<\/p>\n<p><strong>8. Trasferimenti di dati personali al di fuori dell&#8217;Unione Europea o dello Spazio Economico Europeo<\/strong><br \/>\nL&#8217;azienda non utilizza servizi al di fuori dell&#8217;Unione Europea o dello Spazio Economico Europeo per l&#8217;elaborazione delle informazioni di contatto o il loro trasferimento e non consente l&#8217;accesso alle informazioni pi\u00f9 di quanto sia necessario per implementare i servizi.<\/p>\n<p><strong>9. Periodo di conservazione dei dati personali<\/strong><br \/>\nI dati personali saranno conservati nel registro finch\u00e9 la persona registrata sar\u00e0 un cliente di North Caravan.<\/p>\n<p><strong>10. Diritto di ispezione del dichiarante<\/strong><br \/>\nCome regola generale, la persona registrata ha il diritto di verificare i propri dati memorizzati nel registro personale, quando<br \/>\nQualunque:<br \/>\n&#8211; ricevere informazioni sul trattamento dei propri dati personali;<br \/>\n&#8211; accedere ai propri dati e verificare i dati personali che li riguardano trattati dalla societ\u00e0;<br \/>\n&#8211; pretendere la rettifica e l&#8217;integrazione dei dati personali inesatti ed errati;<br \/>\n&#8211; richiedere la cancellazione dei propri dati personali;<br \/>\n&#8211; revocare il proprio consenso e opporsi al trattamento dei propri dati personali nella misura in cui il trattamento dei dati personali sia basato sul consenso dell&#8217;interessato;<br \/>\n&#8211; si oppone al trattamento dei suoi dati personali per motivi legati alla sua situazione particolare, nella misura in cui la base del trattamento dei dati personali \u00e8 l&#8217;interesse legittimo dell&#8217;associazione;<br \/>\n&#8211; ricevere i propri dati personali in formato elettronico e trasferire i relativi dati ad un altro titolare del trattamento, a condizione che l&#8217;interessato abbia fornito egli stesso i relativi dati personali alla societ\u00e0. La societ\u00e0 tratta i dati personali in questione sulla base del consenso dell&#8217;interessato ed il trattamento \u00e8 effettuato con modalit\u00e0 automatizzate;<br \/>\n&#8211; chiedere la limitazione del trattamento dei propri dati personali.<\/p>\n<p>La persona registrata deve presentare una richiesta relativa all&#8217;esercizio del suddetto diritto in conformit\u00e0 con la sezione uno (1) della presente informativa sulla protezione dei dati &#8211; Titolare e persona di contatto. L&#8217;azienda pu\u00f2 chiedere al registrante di specificare la sua richiesta per iscritto e di verificare l&#8217;identit\u00e0 del registrante prima di elaborare la richiesta. La societ\u00e0 pu\u00f2 rifiutarsi di soddisfare la richiesta in base a quanto previsto dalla legge applicabile.<\/p>\n<p><strong>11. Diritto di ricorso all&#8217;autorit\u00e0 di controllo<\/strong><br \/>\nOgni persona registrata ha il diritto di proporre reclamo all&#8217;autorit\u00e0 di controllo competente o all&#8217;autorit\u00e0 di controllo dello stato membro dell&#8217;Unione Europea in cui risiede o<br \/>\nsi trova il luogo di lavoro, se l\u2019interessato ritiene che i suoi dati personali non siano stati trattati in conformit\u00e0 con la normativa applicabile sulla protezione dei dati.<\/p>\n<p><strong>12. Contatti<\/strong><br \/>\nLe richieste riguardanti l&#8217;esercizio dei diritti del registrante, le domande sulla presente informativa sulla protezione dei dati e altri contatti devono essere inviate all&#8217;indirizzo e-mail dell&#8217;amministratore del registro pekka@northcaravan.fi<br \/>\nLa persona registrata pu\u00f2 anche contattare di persona o per iscritto al seguente indirizzo:<br \/>\nCarovana Nord<br \/>\nPekka Komulainen<br \/>\nHottie 18<br \/>\n90630 Oulu<\/p>\n<p><strong>13. Modifiche alla presente informativa sulla privacy<\/strong><br \/>\nLa presente informativa sulla protezione dei dati pu\u00f2 essere aggiornata di tanto in tanto, ad esempio quando cambia la legislazione. La presente Informativa sulla privacy \u00e8 stata aggiornata l&#8217;ultima volta il 25 maggio 2018.<\/p>\n","protected":false},"excerpt":{"rendered":"<p>Informativa sulla privacy North Caravan 1. Titolare e referente Cancelliere: North Caravan Indirizzo: Hotitie 18, 90630 Oulu Telefono: +358 44 5569188 E-mail: pekka@northcaravan.fi Persona di contatto e responsabile della protezione dei dati: Pekka Komulainen 2. Registrare il nome e i dichiaranti Registro clienti. I dati dei clienti dell&#8217;azienda vengono elaborati nel registro. 3. Finalit\u00e0 del&#8230;<\/p>\n","protected":false},"author":1,"featured_media":0,"parent":0,"menu_order":0,"comment_status":"closed","ping_status":"closed","template":"","meta":{"footnotes":""},"class_list":["post-106","page","type-page","status-publish","hentry"],"yoast_head":"<!-- This site is optimized with the Yoast SEO plugin v27.4 - https:\/\/yoast.com\/product\/yoast-seo-wordpress\/ -->\n<title>Informativa sulla privacy - North Caravan Finland<\/title>\n<meta name=\"robots\" content=\"index, follow, max-snippet:-1, max-image-preview:large, max-video-preview:-1\" \/>\n<link rel=\"canonical\" href=\"https:\/\/www.northcaravan.fi\/ita\/informativa-sulla-privacy\/\" \/>\n<meta property=\"og:locale\" content=\"fi_FI\" \/>\n<meta property=\"og:type\" content=\"article\" \/>\n<meta property=\"og:title\" content=\"Informativa sulla privacy - North Caravan Finland\" \/>\n<meta property=\"og:description\" content=\"Informativa sulla privacy North Caravan 1. Titolare e referente Cancelliere: North Caravan Indirizzo: Hotitie 18, 90630 Oulu Telefono: +358 44 5569188 E-mail: pekka@northcaravan.fi Persona di contatto e responsabile della protezione dei dati: Pekka Komulainen 2. Registrare il nome e i dichiaranti Registro clienti. I dati dei clienti dell&#8217;azienda vengono elaborati nel registro. 3. Finalit\u00e0 del...\" \/>\n<meta property=\"og:url\" content=\"https:\/\/www.northcaravan.fi\/ita\/informativa-sulla-privacy\/\" \/>\n<meta property=\"og:site_name\" content=\"North Caravan Finland\" \/>\n<meta name=\"twitter:card\" content=\"summary_large_image\" \/>\n<meta name=\"twitter:label1\" content=\"Arvioitu lukuaika\" \/>\n\t<meta name=\"twitter:data1\" content=\"6 minuuttia\" \/>\n<script type=\"application\/ld+json\" class=\"yoast-schema-graph\">{\"@context\":\"https:\\\/\\\/schema.org\",\"@graph\":[{\"@type\":\"WebPage\",\"@id\":\"https:\\\/\\\/www.northcaravan.fi\\\/ita\\\/informativa-sulla-privacy\\\/\",\"url\":\"https:\\\/\\\/www.northcaravan.fi\\\/ita\\\/informativa-sulla-privacy\\\/\",\"name\":\"Informativa sulla privacy - North Caravan Finland\",\"isPartOf\":{\"@id\":\"https:\\\/\\\/www.northcaravan.fi\\\/ita\\\/#website\"},\"datePublished\":\"2024-09-05T11:48:56+00:00\",\"breadcrumb\":{\"@id\":\"https:\\\/\\\/www.northcaravan.fi\\\/ita\\\/informativa-sulla-privacy\\\/#breadcrumb\"},\"inLanguage\":\"fi\",\"potentialAction\":[{\"@type\":\"ReadAction\",\"target\":[\"https:\\\/\\\/www.northcaravan.fi\\\/ita\\\/informativa-sulla-privacy\\\/\"]}]},{\"@type\":\"BreadcrumbList\",\"@id\":\"https:\\\/\\\/www.northcaravan.fi\\\/ita\\\/informativa-sulla-privacy\\\/#breadcrumb\",\"itemListElement\":[{\"@type\":\"ListItem\",\"position\":1,\"name\":\"Etusivu\",\"item\":\"https:\\\/\\\/www.northcaravan.fi\\\/ita\\\/\"},{\"@type\":\"ListItem\",\"position\":2,\"name\":\"Informativa sulla privacy\"}]},{\"@type\":\"WebSite\",\"@id\":\"https:\\\/\\\/www.northcaravan.fi\\\/ita\\\/#website\",\"url\":\"https:\\\/\\\/www.northcaravan.fi\\\/ita\\\/\",\"name\":\"North Caravan Finland\",\"description\":\"Camper noleggio Finlandia\",\"potentialAction\":[{\"@type\":\"SearchAction\",\"target\":{\"@type\":\"EntryPoint\",\"urlTemplate\":\"https:\\\/\\\/www.northcaravan.fi\\\/ita\\\/?s={search_term_string}\"},\"query-input\":{\"@type\":\"PropertyValueSpecification\",\"valueRequired\":true,\"valueName\":\"search_term_string\"}}],\"inLanguage\":\"fi\"}]}<\/script>\n<!-- \/ Yoast SEO plugin. -->","yoast_head_json":{"title":"Informativa sulla privacy - North Caravan Finland","robots":{"index":"index","follow":"follow","max-snippet":"max-snippet:-1","max-image-preview":"max-image-preview:large","max-video-preview":"max-video-preview:-1"},"canonical":"https:\/\/www.northcaravan.fi\/ita\/informativa-sulla-privacy\/","og_locale":"fi_FI","og_type":"article","og_title":"Informativa sulla privacy - North Caravan Finland","og_description":"Informativa sulla privacy North Caravan 1. Titolare e referente Cancelliere: North Caravan Indirizzo: Hotitie 18, 90630 Oulu Telefono: +358 44 5569188 E-mail: pekka@northcaravan.fi Persona di contatto e responsabile della protezione dei dati: Pekka Komulainen 2. Registrare il nome e i dichiaranti Registro clienti. I dati dei clienti dell&#8217;azienda vengono elaborati nel registro. 3. Finalit\u00e0 del...","og_url":"https:\/\/www.northcaravan.fi\/ita\/informativa-sulla-privacy\/","og_site_name":"North Caravan Finland","twitter_card":"summary_large_image","twitter_misc":{"Arvioitu lukuaika":"6 minuuttia"},"schema":{"@context":"https:\/\/schema.org","@graph":[{"@type":"WebPage","@id":"https:\/\/www.northcaravan.fi\/ita\/informativa-sulla-privacy\/","url":"https:\/\/www.northcaravan.fi\/ita\/informativa-sulla-privacy\/","name":"Informativa sulla privacy - North Caravan Finland","isPartOf":{"@id":"https:\/\/www.northcaravan.fi\/ita\/#website"},"datePublished":"2024-09-05T11:48:56+00:00","breadcrumb":{"@id":"https:\/\/www.northcaravan.fi\/ita\/informativa-sulla-privacy\/#breadcrumb"},"inLanguage":"fi","potentialAction":[{"@type":"ReadAction","target":["https:\/\/www.northcaravan.fi\/ita\/informativa-sulla-privacy\/"]}]},{"@type":"BreadcrumbList","@id":"https:\/\/www.northcaravan.fi\/ita\/informativa-sulla-privacy\/#breadcrumb","itemListElement":[{"@type":"ListItem","position":1,"name":"Etusivu","item":"https:\/\/www.northcaravan.fi\/ita\/"},{"@type":"ListItem","position":2,"name":"Informativa sulla privacy"}]},{"@type":"WebSite","@id":"https:\/\/www.northcaravan.fi\/ita\/#website","url":"https:\/\/www.northcaravan.fi\/ita\/","name":"North Caravan Finland","description":"Camper noleggio Finlandia","potentialAction":[{"@type":"SearchAction","target":{"@type":"EntryPoint","urlTemplate":"https:\/\/www.northcaravan.fi\/ita\/?s={search_term_string}"},"query-input":{"@type":"PropertyValueSpecification","valueRequired":true,"valueName":"search_term_string"}}],"inLanguage":"fi"}]}},"_links":{"self":[{"href":"https:\/\/www.northcaravan.fi\/ita\/wp-json\/wp\/v2\/pages\/106","targetHints":{"allow":["GET"]}}],"collection":[{"href":"https:\/\/www.northcaravan.fi\/ita\/wp-json\/wp\/v2\/pages"}],"about":[{"href":"https:\/\/www.northcaravan.fi\/ita\/wp-json\/wp\/v2\/types\/page"}],"author":[{"embeddable":true,"href":"https:\/\/www.northcaravan.fi\/ita\/wp-json\/wp\/v2\/users\/1"}],"replies":[{"embeddable":true,"href":"https:\/\/www.northcaravan.fi\/ita\/wp-json\/wp\/v2\/comments?post=106"}],"version-history":[{"count":1,"href":"https:\/\/www.northcaravan.fi\/ita\/wp-json\/wp\/v2\/pages\/106\/revisions"}],"predecessor-version":[{"id":108,"href":"https:\/\/www.northcaravan.fi\/ita\/wp-json\/wp\/v2\/pages\/106\/revisions\/108"}],"wp:attachment":[{"href":"https:\/\/www.northcaravan.fi\/ita\/wp-json\/wp\/v2\/media?parent=106"}],"curies":[{"name":"wp","href":"https:\/\/api.w.org\/{rel}","templated":true}]}}