{"id":16,"date":"2017-01-03T10:24:36","date_gmt":"2017-01-03T08:24:36","guid":{"rendered":"http:\/\/whm24.louhi.net\/~northcar\/ita\/?page_id=16"},"modified":"2023-02-25T15:57:44","modified_gmt":"2023-02-25T13:57:44","slug":"presentazione-auto","status":"publish","type":"page","link":"https:\/\/www.northcaravan.fi\/ita\/presentazione-auto\/","title":{"rendered":"Presentazione auto"},"content":{"rendered":"<p>Ora nuovo camper sono stati l&#8217;alta qualit\u00e0 del tedesco LMC motorhome \u00e8 un po &#8217;guidato.<\/p>\n<p>Camper \u00e8 adatto per una piccola famiglia o due coppie.<\/p>\n<p>La vostra auto \u00e8 possibile noleggiare tutta l&#8217;attrezzatura necessaria, come la biancheria da letto e utensili da cucina, anche noleggio di biciclette \u00e8 successo. La camper dispone di un ampio garage posteriore dove la biciclette \u00e8 perfetta.<\/p>\n<p>Camper ha una grande tenda da sole e sotto il quale \u00e8 bello sedersi fuori in una serata estiva, barbecue e mobili da giardino possono anche scegliere tra le attrezzature disponibili.<\/p>\n<p>Pi\u00f9 fresco stagione di riscaldamento centralizzato \u00e8 comodo e tranquilla ed efficiente, comprende anche servizi di riscaldamento a pavimento.<\/p>\n<figure id=\"attachment_100\" aria-describedby=\"caption-attachment-100\" style=\"width: 300px\" class=\"wp-caption alignleft\"><a href=\"http:\/\/www.northcaravan.fi\/wp-content\/uploads\/2016\/12\/asuntoauto_esittely1D.jpg\" data-rel=\"lightbox-image-0\" data-rl_title=\"\" data-rl_caption=\"\" title=\"\"><img loading=\"lazy\" decoding=\"async\" class=\"wp-image-100 size-medium\" src=\"http:\/\/www.northcaravan.fi\/wp-content\/uploads\/2016\/12\/asuntoauto_esittely1D-300x200.jpg\" width=\"300\" height=\"200\" \/><\/a><figcaption id=\"caption-attachment-100\" class=\"wp-caption-text\">Camper<\/figcaption><\/figure>\n<figure id=\"attachment_101\" aria-describedby=\"caption-attachment-101\" style=\"width: 300px\" class=\"wp-caption alignleft\"><a href=\"http:\/\/www.northcaravan.fi\/wp-content\/uploads\/2016\/12\/asuntoauto_esittely1E.jpg\" data-rel=\"lightbox-image-1\" data-rl_title=\"\" data-rl_caption=\"\" title=\"\"><img loading=\"lazy\" decoding=\"async\" class=\"wp-image-101 size-medium\" src=\"http:\/\/www.northcaravan.fi\/wp-content\/uploads\/2016\/12\/asuntoauto_esittely1E-300x200.jpg\" alt=\"Markiisi\" width=\"300\" height=\"200\" \/><\/a><figcaption id=\"caption-attachment-101\" class=\"wp-caption-text\">Markiisi<\/figcaption><\/figure>\n<figure id=\"attachment_104\" aria-describedby=\"caption-attachment-104\" style=\"width: 300px\" class=\"wp-caption alignleft\"><a href=\"http:\/\/www.northcaravan.fi\/wp-content\/uploads\/2016\/12\/asuntoauto_esittely1F-1.jpg\" data-rel=\"lightbox-image-2\" data-rl_title=\"\" data-rl_caption=\"\" title=\"\"><img loading=\"lazy\" decoding=\"async\" class=\"wp-image-104 size-medium\" src=\"http:\/\/www.northcaravan.fi\/wp-content\/uploads\/2016\/12\/asuntoauto_esittely1F-1-300x200.jpg\" alt=\"Tenda da sole\" width=\"300\" height=\"200\" \/><\/a><figcaption id=\"caption-attachment-104\" class=\"wp-caption-text\">Tenda da sole<\/figcaption><\/figure>\n<figure id=\"attachment_105\" aria-describedby=\"caption-attachment-105\" style=\"width: 300px\" class=\"wp-caption alignleft\"><a href=\"http:\/\/www.northcaravan.fi\/wp-content\/uploads\/2016\/12\/asuntoauto_esittely1H.jpg\" data-rel=\"lightbox-image-3\" data-rl_title=\"\" data-rl_caption=\"\" title=\"\"><img loading=\"lazy\" decoding=\"async\" class=\"wp-image-105 size-medium\" src=\"http:\/\/www.northcaravan.fi\/wp-content\/uploads\/2016\/12\/asuntoauto_esittely1H-300x200.jpg\" alt=\"Campeggio\" width=\"300\" height=\"200\" \/><\/a><figcaption id=\"caption-attachment-105\" class=\"wp-caption-text\">Campeggio<\/figcaption><\/figure>\n<figure id=\"attachment_106\" aria-describedby=\"caption-attachment-106\" style=\"width: 300px\" class=\"wp-caption alignleft\"><a href=\"http:\/\/www.northcaravan.fi\/wp-content\/uploads\/2016\/12\/asuntoauto_esittely1AA.jpg\" data-rel=\"lightbox-image-4\" data-rl_title=\"\" data-rl_caption=\"\" title=\"\"><img loading=\"lazy\" decoding=\"async\" class=\"wp-image-106 size-medium\" src=\"http:\/\/www.northcaravan.fi\/wp-content\/uploads\/2016\/12\/asuntoauto_esittely1AA-300x200.jpg\" alt=\"LMC H737G\" width=\"300\" height=\"200\" \/><\/a><figcaption id=\"caption-attachment-106\" class=\"wp-caption-text\">LMC H737G<\/figcaption><\/figure>\n<figure id=\"attachment_109\" aria-describedby=\"caption-attachment-109\" style=\"width: 300px\" class=\"wp-caption alignleft\"><a href=\"http:\/\/www.northcaravan.fi\/wp-content\/uploads\/2016\/12\/asuntoauto_esittely1AAA.jpg\" data-rel=\"lightbox-image-5\" data-rl_title=\"\" data-rl_caption=\"\" title=\"\"><img loading=\"lazy\" decoding=\"async\" class=\"wp-image-109 size-medium\" src=\"http:\/\/www.northcaravan.fi\/wp-content\/uploads\/2016\/12\/asuntoauto_esittely1AAA-300x200.jpg\" alt=\"Sala da pranzo\" width=\"300\" height=\"200\" \/><\/a><figcaption id=\"caption-attachment-109\" class=\"wp-caption-text\">Sala da pranzo<\/figcaption><\/figure>\n<figure id=\"attachment_107\" aria-describedby=\"caption-attachment-107\" style=\"width: 300px\" class=\"wp-caption alignleft\"><a href=\"http:\/\/www.northcaravan.fi\/wp-content\/uploads\/2016\/12\/asuntoauto_esittely1G.jpg\" data-rel=\"lightbox-image-6\" data-rl_title=\"\" data-rl_caption=\"\" title=\"\"><img loading=\"lazy\" decoding=\"async\" class=\"wp-image-107 size-medium\" src=\"http:\/\/www.northcaravan.fi\/wp-content\/uploads\/2016\/12\/asuntoauto_esittely1G-300x200.jpg\" alt=\"Garage posteriore\" width=\"300\" height=\"200\" \/><\/a><figcaption id=\"caption-attachment-107\" class=\"wp-caption-text\">Garage posteriore<\/figcaption><\/figure>\n<figure id=\"attachment_77\" aria-describedby=\"caption-attachment-77\" style=\"width: 300px\" class=\"wp-caption alignleft\"><a href=\"http:\/\/www.northcaravan.fi\/wp-content\/uploads\/2016\/12\/asuntoauto_esittely4.jpg\" data-rel=\"lightbox-image-7\" data-rl_title=\"\" data-rl_caption=\"\" title=\"\"><img loading=\"lazy\" decoding=\"async\" class=\"wp-image-77 size-medium\" src=\"http:\/\/www.northcaravan.fi\/wp-content\/uploads\/2016\/12\/asuntoauto_esittely4-300x200.jpg\" alt=\"Cucina\" width=\"300\" height=\"200\" \/><\/a><figcaption id=\"caption-attachment-77\" class=\"wp-caption-text\">Cucina<\/figcaption><\/figure>\n<figure id=\"attachment_84\" aria-describedby=\"caption-attachment-84\" style=\"width: 300px\" class=\"wp-caption alignleft\"><a href=\"http:\/\/www.northcaravan.fi\/wp-content\/uploads\/2016\/12\/asuntoauto_esittely11.jpg\" data-rel=\"lightbox-image-8\" data-rl_title=\"\" data-rl_caption=\"\" title=\"\"><img loading=\"lazy\" decoding=\"async\" class=\"wp-image-84 size-medium\" src=\"http:\/\/www.northcaravan.fi\/wp-content\/uploads\/2016\/12\/asuntoauto_esittely11-300x200.jpg\" alt=\"TV\" width=\"300\" height=\"200\" \/><\/a><figcaption id=\"caption-attachment-84\" class=\"wp-caption-text\">TV<\/figcaption><\/figure>\n<figure id=\"attachment_83\" aria-describedby=\"caption-attachment-83\" style=\"width: 300px\" class=\"wp-caption alignleft\"><a href=\"http:\/\/www.northcaravan.fi\/wp-content\/uploads\/2016\/12\/asuntoauto_esittely10.jpg\" data-rel=\"lightbox-image-9\" data-rl_title=\"\" data-rl_caption=\"\" title=\"\"><img loading=\"lazy\" decoding=\"async\" class=\"wp-image-83 size-medium\" src=\"http:\/\/www.northcaravan.fi\/wp-content\/uploads\/2016\/12\/asuntoauto_esittely10-300x200.jpg\" alt=\"Riscaldamento centralizzato \" width=\"300\" height=\"200\" \/><\/a><figcaption id=\"caption-attachment-83\" class=\"wp-caption-text\">Riscaldamento centralizzato<\/figcaption><\/figure>\n<figure id=\"attachment_82\" aria-describedby=\"caption-attachment-82\" style=\"width: 300px\" class=\"wp-caption alignleft\"><a href=\"http:\/\/www.northcaravan.fi\/wp-content\/uploads\/2016\/12\/asuntoauto_esittely9.jpg\" data-rel=\"lightbox-image-10\" data-rl_title=\"\" data-rl_caption=\"\" title=\"\"><img loading=\"lazy\" decoding=\"async\" class=\"wp-image-82 size-medium\" src=\"http:\/\/www.northcaravan.fi\/wp-content\/uploads\/2016\/12\/asuntoauto_esittely9-300x200.jpg\" alt=\"Fricorifero\" width=\"300\" height=\"200\" \/><\/a><figcaption id=\"caption-attachment-82\" class=\"wp-caption-text\">Fricorifero<\/figcaption><\/figure>\n<figure id=\"attachment_80\" aria-describedby=\"caption-attachment-80\" style=\"width: 300px\" class=\"wp-caption alignleft\"><a href=\"http:\/\/www.northcaravan.fi\/wp-content\/uploads\/2016\/12\/asuntoauto_esittely7.jpg\" data-rel=\"lightbox-image-11\" data-rl_title=\"\" data-rl_caption=\"\" title=\"\"><img loading=\"lazy\" decoding=\"async\" class=\"size-medium wp-image-80\" src=\"http:\/\/www.northcaravan.fi\/wp-content\/uploads\/2016\/12\/asuntoauto_esittely7-300x200.jpg\" alt=\"WC\" width=\"300\" height=\"200\" \/><\/a><figcaption id=\"caption-attachment-80\" class=\"wp-caption-text\">WC<\/figcaption><\/figure>\n<figure id=\"attachment_111\" aria-describedby=\"caption-attachment-111\" style=\"width: 300px\" class=\"wp-caption alignleft\"><a href=\"http:\/\/www.northcaravan.fi\/wp-content\/uploads\/2016\/12\/asuntoauto_esittely6B.jpg\" data-rel=\"lightbox-image-12\" data-rl_title=\"\" data-rl_caption=\"\" title=\"\"><img loading=\"lazy\" decoding=\"async\" class=\"wp-image-111 size-medium\" src=\"http:\/\/www.northcaravan.fi\/wp-content\/uploads\/2016\/12\/asuntoauto_esittely6B-300x200.jpg\" alt=\"Doccia \" width=\"300\" height=\"200\" \/><\/a><figcaption id=\"caption-attachment-111\" class=\"wp-caption-text\">Doccia<\/figcaption><\/figure>\n<figure id=\"attachment_78\" aria-describedby=\"caption-attachment-78\" style=\"width: 300px\" class=\"wp-caption alignleft\"><a href=\"http:\/\/www.northcaravan.fi\/wp-content\/uploads\/2016\/12\/asuntoauto_esittely5.jpg\" data-rel=\"lightbox-image-13\" data-rl_title=\"\" data-rl_caption=\"\" title=\"\"><img loading=\"lazy\" decoding=\"async\" class=\"wp-image-78 size-medium\" src=\"http:\/\/www.northcaravan.fi\/wp-content\/uploads\/2016\/12\/asuntoauto_esittely5-300x200.jpg\" alt=\"Zona notte\" width=\"300\" height=\"200\" \/><\/a><figcaption id=\"caption-attachment-78\" class=\"wp-caption-text\">Zona notte<\/figcaption><\/figure>\n<figure id=\"attachment_76\" aria-describedby=\"caption-attachment-76\" style=\"width: 300px\" class=\"wp-caption alignleft\"><a href=\"http:\/\/www.northcaravan.fi\/wp-content\/uploads\/2016\/12\/asuntoauto_esittely3.jpg\" data-rel=\"lightbox-image-14\" data-rl_title=\"\" data-rl_caption=\"\" title=\"\"><img loading=\"lazy\" decoding=\"async\" class=\"wp-image-76 size-medium\" src=\"http:\/\/www.northcaravan.fi\/wp-content\/uploads\/2016\/12\/asuntoauto_esittely3-300x200.jpg\" alt=\"Cabina\" width=\"300\" height=\"200\" \/><\/a><figcaption id=\"caption-attachment-76\" class=\"wp-caption-text\">Cabina<\/figcaption><\/figure>\n<figure id=\"attachment_114\" aria-describedby=\"caption-attachment-114\" style=\"width: 300px\" class=\"wp-caption alignleft\"><a href=\"http:\/\/www.northcaravan.fi\/wp-content\/uploads\/2016\/12\/nostovuode.jpg\" data-rel=\"lightbox-image-15\" data-rl_title=\"\" data-rl_caption=\"\" title=\"\"><img loading=\"lazy\" decoding=\"async\" class=\"wp-image-114 size-medium\" src=\"http:\/\/www.northcaravan.fi\/wp-content\/uploads\/2016\/12\/nostovuode-300x200.jpg\" alt=\"Letto ascensore\" width=\"300\" height=\"200\" \/><\/a><figcaption id=\"caption-attachment-114\" class=\"wp-caption-text\">Letto ascensore<\/figcaption><\/figure>\n<figure id=\"attachment_115\" aria-describedby=\"caption-attachment-115\" style=\"width: 300px\" class=\"wp-caption alignleft\"><a href=\"http:\/\/www.northcaravan.fi\/wp-content\/uploads\/2016\/12\/makuuhuone.jpg\" data-rel=\"lightbox-image-16\" data-rl_title=\"\" data-rl_caption=\"\" title=\"\"><img loading=\"lazy\" decoding=\"async\" class=\"wp-image-115 size-medium\" src=\"http:\/\/www.northcaravan.fi\/wp-content\/uploads\/2016\/12\/makuuhuone-300x200.jpg\" alt=\"Camera da letto\" width=\"300\" height=\"200\" \/><\/a><figcaption id=\"caption-attachment-115\" class=\"wp-caption-text\">Camera da letto<\/figcaption><\/figure>\n<figure id=\"attachment_116\" aria-describedby=\"caption-attachment-116\" style=\"width: 300px\" class=\"wp-caption alignleft\"><a href=\"http:\/\/www.northcaravan.fi\/wp-content\/uploads\/2016\/12\/asuntoauto_esittely1A2.jpg\" data-rel=\"lightbox-image-17\" data-rl_title=\"\" data-rl_caption=\"\" title=\"\"><img loading=\"lazy\" decoding=\"async\" class=\"wp-image-116 size-medium\" src=\"http:\/\/www.northcaravan.fi\/wp-content\/uploads\/2016\/12\/asuntoauto_esittely1A2-300x200.jpg\" alt=\"Viaggiando a nord\" width=\"300\" height=\"200\" \/><\/a><figcaption id=\"caption-attachment-116\" class=\"wp-caption-text\">Viaggiando a nord<\/figcaption><\/figure>\n<figure id=\"attachment_117\" aria-describedby=\"caption-attachment-117\" style=\"width: 300px\" class=\"wp-caption alignleft\"><a href=\"http:\/\/www.northcaravan.fi\/wp-content\/uploads\/2016\/12\/matkalla1.jpg\" data-rel=\"lightbox-image-18\" data-rl_title=\"\" data-rl_caption=\"\" title=\"\"><img loading=\"lazy\" decoding=\"async\" class=\"wp-image-117 size-medium\" src=\"http:\/\/www.northcaravan.fi\/wp-content\/uploads\/2016\/12\/matkalla1-300x200.jpg\" alt=\"Norvegia\" width=\"300\" height=\"200\" \/><\/a><figcaption id=\"caption-attachment-117\" class=\"wp-caption-text\">Norvegia<\/figcaption><\/figure>\n<figure id=\"attachment_118\" aria-describedby=\"caption-attachment-118\" style=\"width: 300px\" class=\"wp-caption alignleft\"><a href=\"http:\/\/www.northcaravan.fi\/wp-content\/uploads\/2016\/12\/lofootit2.jpg\" data-rel=\"lightbox-image-19\" data-rl_title=\"\" data-rl_caption=\"\" title=\"\"><img loading=\"lazy\" decoding=\"async\" class=\"wp-image-118 size-medium\" src=\"http:\/\/www.northcaravan.fi\/wp-content\/uploads\/2016\/12\/lofootit2-300x201.jpg\" alt=\"Isola di Lofoten\" width=\"300\" height=\"201\" \/><\/a><figcaption id=\"caption-attachment-118\" class=\"wp-caption-text\">Isola di Lofoten<\/figcaption><\/figure>\n<p>&nbsp;<\/p>\n","protected":false},"excerpt":{"rendered":"<p>Ora nuovo camper sono stati l&#8217;alta qualit\u00e0 del tedesco LMC motorhome \u00e8 un po &#8217;guidato. Camper \u00e8 adatto per una piccola famiglia o due coppie. La vostra auto \u00e8 possibile noleggiare tutta l&#8217;attrezzatura necessaria, come la biancheria da letto e utensili da cucina, anche noleggio di biciclette \u00e8 successo. La camper dispone di un ampio&#8230;<\/p>\n","protected":false},"author":1,"featured_media":0,"parent":0,"menu_order":0,"comment_status":"closed","ping_status":"closed","template":"","meta":{"footnotes":""},"class_list":["post-16","page","type-page","status-publish","hentry"],"yoast_head":"<!-- This site is optimized with the Yoast SEO plugin v27.4 - https:\/\/yoast.com\/product\/yoast-seo-wordpress\/ -->\n<title>Presentazione auto - North Caravan Finland<\/title>\n<meta name=\"description\" content=\"Presentazione auto\" \/>\n<meta name=\"robots\" content=\"index, follow, max-snippet:-1, max-image-preview:large, max-video-preview:-1\" \/>\n<link rel=\"canonical\" href=\"https:\/\/www.northcaravan.fi\/ita\/presentazione-auto\/\" \/>\n<meta property=\"og:locale\" content=\"fi_FI\" \/>\n<meta property=\"og:type\" content=\"article\" \/>\n<meta property=\"og:title\" content=\"Presentazione auto - North Caravan Finland\" \/>\n<meta property=\"og:description\" content=\"Presentazione auto\" \/>\n<meta property=\"og:url\" content=\"https:\/\/www.northcaravan.fi\/ita\/presentazione-auto\/\" \/>\n<meta property=\"og:site_name\" content=\"North Caravan Finland\" \/>\n<meta property=\"article:modified_time\" content=\"2023-02-25T13:57:44+00:00\" \/>\n<meta property=\"og:image\" content=\"http:\/\/www.northcaravan.fi\/wp-content\/uploads\/2016\/12\/asuntoauto_esittely1D-300x200.jpg\" \/>\n<meta name=\"twitter:card\" content=\"summary_large_image\" \/>\n<meta name=\"twitter:label1\" content=\"Arvioitu lukuaika\" \/>\n\t<meta name=\"twitter:data1\" content=\"6 minuuttia\" \/>\n<script type=\"application\/ld+json\" class=\"yoast-schema-graph\">{\"@context\":\"https:\\\/\\\/schema.org\",\"@graph\":[{\"@type\":\"WebPage\",\"@id\":\"https:\\\/\\\/www.northcaravan.fi\\\/ita\\\/presentazione-auto\\\/\",\"url\":\"https:\\\/\\\/www.northcaravan.fi\\\/ita\\\/presentazione-auto\\\/\",\"name\":\"Presentazione auto - North Caravan Finland\",\"isPartOf\":{\"@id\":\"https:\\\/\\\/www.northcaravan.fi\\\/ita\\\/#website\"},\"primaryImageOfPage\":{\"@id\":\"https:\\\/\\\/www.northcaravan.fi\\\/ita\\\/presentazione-auto\\\/#primaryimage\"},\"image\":{\"@id\":\"https:\\\/\\\/www.northcaravan.fi\\\/ita\\\/presentazione-auto\\\/#primaryimage\"},\"thumbnailUrl\":\"http:\\\/\\\/www.northcaravan.fi\\\/wp-content\\\/uploads\\\/2016\\\/12\\\/asuntoauto_esittely1D-300x200.jpg\",\"datePublished\":\"2017-01-03T08:24:36+00:00\",\"dateModified\":\"2023-02-25T13:57:44+00:00\",\"description\":\"Presentazione auto\",\"breadcrumb\":{\"@id\":\"https:\\\/\\\/www.northcaravan.fi\\\/ita\\\/presentazione-auto\\\/#breadcrumb\"},\"inLanguage\":\"fi\",\"potentialAction\":[{\"@type\":\"ReadAction\",\"target\":[\"https:\\\/\\\/www.northcaravan.fi\\\/ita\\\/presentazione-auto\\\/\"]}]},{\"@type\":\"ImageObject\",\"inLanguage\":\"fi\",\"@id\":\"https:\\\/\\\/www.northcaravan.fi\\\/ita\\\/presentazione-auto\\\/#primaryimage\",\"url\":\"http:\\\/\\\/www.northcaravan.fi\\\/wp-content\\\/uploads\\\/2016\\\/12\\\/asuntoauto_esittely1D-300x200.jpg\",\"contentUrl\":\"http:\\\/\\\/www.northcaravan.fi\\\/wp-content\\\/uploads\\\/2016\\\/12\\\/asuntoauto_esittely1D-300x200.jpg\"},{\"@type\":\"BreadcrumbList\",\"@id\":\"https:\\\/\\\/www.northcaravan.fi\\\/ita\\\/presentazione-auto\\\/#breadcrumb\",\"itemListElement\":[{\"@type\":\"ListItem\",\"position\":1,\"name\":\"Etusivu\",\"item\":\"https:\\\/\\\/www.northcaravan.fi\\\/ita\\\/\"},{\"@type\":\"ListItem\",\"position\":2,\"name\":\"Presentazione auto\"}]},{\"@type\":\"WebSite\",\"@id\":\"https:\\\/\\\/www.northcaravan.fi\\\/ita\\\/#website\",\"url\":\"https:\\\/\\\/www.northcaravan.fi\\\/ita\\\/\",\"name\":\"North Caravan Finland\",\"description\":\"Camper noleggio Finlandia\",\"potentialAction\":[{\"@type\":\"SearchAction\",\"target\":{\"@type\":\"EntryPoint\",\"urlTemplate\":\"https:\\\/\\\/www.northcaravan.fi\\\/ita\\\/?s={search_term_string}\"},\"query-input\":{\"@type\":\"PropertyValueSpecification\",\"valueRequired\":true,\"valueName\":\"search_term_string\"}}],\"inLanguage\":\"fi\"}]}<\/script>\n<!-- \/ Yoast SEO plugin. -->","yoast_head_json":{"title":"Presentazione auto - North Caravan Finland","description":"Presentazione auto","robots":{"index":"index","follow":"follow","max-snippet":"max-snippet:-1","max-image-preview":"max-image-preview:large","max-video-preview":"max-video-preview:-1"},"canonical":"https:\/\/www.northcaravan.fi\/ita\/presentazione-auto\/","og_locale":"fi_FI","og_type":"article","og_title":"Presentazione auto - North Caravan Finland","og_description":"Presentazione auto","og_url":"https:\/\/www.northcaravan.fi\/ita\/presentazione-auto\/","og_site_name":"North Caravan Finland","article_modified_time":"2023-02-25T13:57:44+00:00","og_image":[{"url":"http:\/\/www.northcaravan.fi\/wp-content\/uploads\/2016\/12\/asuntoauto_esittely1D-300x200.jpg","type":"","width":"","height":""}],"twitter_card":"summary_large_image","twitter_misc":{"Arvioitu lukuaika":"6 minuuttia"},"schema":{"@context":"https:\/\/schema.org","@graph":[{"@type":"WebPage","@id":"https:\/\/www.northcaravan.fi\/ita\/presentazione-auto\/","url":"https:\/\/www.northcaravan.fi\/ita\/presentazione-auto\/","name":"Presentazione auto - North Caravan Finland","isPartOf":{"@id":"https:\/\/www.northcaravan.fi\/ita\/#website"},"primaryImageOfPage":{"@id":"https:\/\/www.northcaravan.fi\/ita\/presentazione-auto\/#primaryimage"},"image":{"@id":"https:\/\/www.northcaravan.fi\/ita\/presentazione-auto\/#primaryimage"},"thumbnailUrl":"http:\/\/www.northcaravan.fi\/wp-content\/uploads\/2016\/12\/asuntoauto_esittely1D-300x200.jpg","datePublished":"2017-01-03T08:24:36+00:00","dateModified":"2023-02-25T13:57:44+00:00","description":"Presentazione auto","breadcrumb":{"@id":"https:\/\/www.northcaravan.fi\/ita\/presentazione-auto\/#breadcrumb"},"inLanguage":"fi","potentialAction":[{"@type":"ReadAction","target":["https:\/\/www.northcaravan.fi\/ita\/presentazione-auto\/"]}]},{"@type":"ImageObject","inLanguage":"fi","@id":"https:\/\/www.northcaravan.fi\/ita\/presentazione-auto\/#primaryimage","url":"http:\/\/www.northcaravan.fi\/wp-content\/uploads\/2016\/12\/asuntoauto_esittely1D-300x200.jpg","contentUrl":"http:\/\/www.northcaravan.fi\/wp-content\/uploads\/2016\/12\/asuntoauto_esittely1D-300x200.jpg"},{"@type":"BreadcrumbList","@id":"https:\/\/www.northcaravan.fi\/ita\/presentazione-auto\/#breadcrumb","itemListElement":[{"@type":"ListItem","position":1,"name":"Etusivu","item":"https:\/\/www.northcaravan.fi\/ita\/"},{"@type":"ListItem","position":2,"name":"Presentazione auto"}]},{"@type":"WebSite","@id":"https:\/\/www.northcaravan.fi\/ita\/#website","url":"https:\/\/www.northcaravan.fi\/ita\/","name":"North Caravan Finland","description":"Camper noleggio Finlandia","potentialAction":[{"@type":"SearchAction","target":{"@type":"EntryPoint","urlTemplate":"https:\/\/www.northcaravan.fi\/ita\/?s={search_term_string}"},"query-input":{"@type":"PropertyValueSpecification","valueRequired":true,"valueName":"search_term_string"}}],"inLanguage":"fi"}]}},"_links":{"self":[{"href":"https:\/\/www.northcaravan.fi\/ita\/wp-json\/wp\/v2\/pages\/16","targetHints":{"allow":["GET"]}}],"collection":[{"href":"https:\/\/www.northcaravan.fi\/ita\/wp-json\/wp\/v2\/pages"}],"about":[{"href":"https:\/\/www.northcaravan.fi\/ita\/wp-json\/wp\/v2\/types\/page"}],"author":[{"embeddable":true,"href":"https:\/\/www.northcaravan.fi\/ita\/wp-json\/wp\/v2\/users\/1"}],"replies":[{"embeddable":true,"href":"https:\/\/www.northcaravan.fi\/ita\/wp-json\/wp\/v2\/comments?post=16"}],"version-history":[{"count":15,"href":"https:\/\/www.northcaravan.fi\/ita\/wp-json\/wp\/v2\/pages\/16\/revisions"}],"predecessor-version":[{"id":73,"href":"https:\/\/www.northcaravan.fi\/ita\/wp-json\/wp\/v2\/pages\/16\/revisions\/73"}],"wp:attachment":[{"href":"https:\/\/www.northcaravan.fi\/ita\/wp-json\/wp\/v2\/media?parent=16"}],"curies":[{"name":"wp","href":"https:\/\/api.w.org\/{rel}","templated":true}]}}