{"id":6,"date":"2017-01-03T10:06:36","date_gmt":"2017-01-03T08:06:36","guid":{"rendered":"http:\/\/whm24.louhi.net\/~northcar\/ita\/?page_id=6"},"modified":"2023-02-25T15:54:47","modified_gmt":"2023-02-25T13:54:47","slug":"affittare-camper-finlandia","status":"publish","type":"page","link":"https:\/\/www.northcaravan.fi\/ita\/","title":{"rendered":"Affittare camper Finlandia"},"content":{"rendered":"<div class=\"palsta500\">\n<p><strong>Nel corso dei decenni, il nostro entusiasmo per il punto camper-turismo \u00e8 aumentato solo. Un senso di libert\u00e0, le opportunit\u00e0 offerte dal godimento naturale e nel quadro della flessibilit\u00e0 degli orari di viaggio non pu\u00f2 essere confrontato con alloggiamento albergo. Gi\u00e0 casa mobile mobilize giorno di partenza \u00e8 una festa &#8211; non solo un semplice raggiungere una destinazione. Vi sentirete a casa ovunque ci si trovi, con la vostra casa di rotolamento.<\/strong><\/p>\n<div>\n<div>\n<p><strong><strong>Caravan Norvegia<\/strong><\/strong><\/p>\n<div>Con camper viaggia in Norvegia \u00e8 facile, perch\u00e9 il paese ha pi\u00f9 di un campo di migliaia, saperne di pi\u00f9 sulla guida campeggio norvegese sul sito web. Durante la notte al di fuori del campeggio sono ammessi i diritti di ogni uomo, ma solo scarsamente popolate e coltivate le aree fino a 150 metri di distanza dalle case residenziali.<\/div>\n<div>Guidare in Norvegia con una grande camper a volte \u00e8 difficile a causa della strada stretta e tortuosa. Pertanto, una parte dei tratti stradali non \u00e8 raccomandato per guidare come un piloti molto esperti. dieci per cento. Strade norvegese punto pi\u00f9 ripido \u00e8 il E68-road Sognefjord, sulla punta meridionale, dove la pendenza della strada \u00e8 il caso peggiore fino al 20 per cento.<\/div>\n<div>Spettacolari attrazioni turistiche di Norvegia settentrionale, come Loofootit, Troms\u00f8 e Hammerfest sono facilmente accessibili da Oulu a noleggiare un camper. Viaggio da Oulu a Troms\u00f8 \u00e8 di 750 km.<\/div>\n<div>Il Narvik sul lato ovest dell &#8217;isola di Lofoten sono costituiti da piccole isole , e la zona \u00e8 raggiungibile sia in barca o in auto. A cominciare con la strada E10 dalla Svezia inizia T\u00f6re, situata tra Haparanda e Lule\u00e5, e passa sopra il Kiruna in norvegia lungo l&#8217;arcipelago,\u00a0 alle isole Lofoten. Partendo da Raftsundet 230 km lungo strada panoramica Lofoten, \u00c5 un punto finale \u00e8 situato sulla punta estrema del gruppo di isole.<\/div>\n<div>\n<p>Finlandese e Svedese Lapponia, cos\u00ec come tutta la Scandinavia settentrionale sono facilmente raggiungibili da camper o motorhome. Ad esempio, con camper in Inari accumulare distanza 530 km.<\/p>\n<\/div>\n<\/div>\n<\/div>\n<div>\n<p><strong>North Caravan Finland<\/strong><\/p>\n<div>\n<p>Nord Caravan ha praticato affitti Camper per 15 anni.<\/p>\n<\/div>\n<div>Tutte le nostre camper sono stati l&#8217;alta qualit\u00e0 del tedesco LMC motorhome.<br \/>\nTutte le nostre camper sono sempre stati un riscaldamento dell&#8217;acqua e riscaldamento a pavimento centrale, che \u00e8 attualmente anche radiante, di modo che funziona senza alcun collegamento elettrico esterno.<\/div>\n<div>\n<p>Oulu \u00e8 facilmente raggiungibile dall&#8217;Europa. Oulu \u00e8 raggiungibile in aereo o in treno, per esempio, il treno notturno da Helsinki comodamente. Venire in auto possono lasciare l&#8217;auto nel nostro cortile per un periodo di noleggio.<\/p>\n<\/div>\n<div>\n<p>Affittare camper da Finlandia, Oulu<\/p>\n<\/div>\n<div>Affitto camper non \u00e8 stato pi\u00f9 di 3 anni, ora l&#8217;ultima acquisizione \u00e8 il modello del 2022 Adria Matrix 670 SL semi-integrato camper, con grande stalle.<\/div>\n<p>&nbsp;<\/p>\n<\/div>\n<p>&nbsp;<\/p>\n<\/div>\n<div class=\"palsta500\">\n<p><img loading=\"lazy\" decoding=\"async\" class=\"alignnone wp-image-34 size-full\" src=\"http:\/\/www.northcaravan.fi\/wp-content\/uploads\/2016\/12\/motorhome.jpg\" alt=\"Asuntoauto pohjoisessa\" width=\"505\" height=\"214\" \/><\/p>\n<p><img loading=\"lazy\" decoding=\"async\" class=\"alignnone wp-image-133 size-full\" src=\"http:\/\/www.northcaravan.fi\/wp-content\/uploads\/2016\/12\/lofooteille.jpg\" alt=\"AsuntoautoLofooteilla\" width=\"500\" height=\"256\" \/><\/p>\n<p><strong>Il camper nome \u00e8:<\/strong> Fiat Ducato, Adria Matrix 670 SL<\/p>\n<p><strong>Modello<\/strong>: Model 2022, Adria Matrix 670 SL<\/p>\n<p><strong>Comfort:<\/strong><br \/>\n&#8211; Aria condizionata<br \/>\n&#8211; Cruise control<br \/>\n&#8211; Frigorifero<br \/>\n&#8211; marchese<br \/>\n&#8211; Doccia<br \/>\n&#8211; Stereo<br \/>\n&#8211; Stufa<br \/>\n&#8211; Riscaldamento centralizzato<\/p>\n<p><strong>Specificazioni<\/strong><br \/>\n&#8211; Potenza: 109 kW \/ 148 CV<br \/>\n&#8211; Peso: 3 500 kg<br \/>\n&#8211; Numero di persone: 5<\/p>\n<p><a href=\"https:\/\/finlandtravel.fi\/listing\/north-caravan-finland\/\" target=\"_blank\" rel=\"noopener\"><img loading=\"lazy\" decoding=\"async\" class=\"alignnone size-full wp-image-87\" src=\"https:\/\/www.northcaravan.fi\/ita\/wp-content\/uploads\/sites\/4\/2021\/03\/Partner_Finlandtavel.png\" alt=\"Partner Finlandtavel.fi\" width=\"300\" height=\"261\" \/><\/a><\/p>\n<\/div>\n","protected":false},"excerpt":{"rendered":"<p>Nel corso dei decenni, il nostro entusiasmo per il punto camper-turismo \u00e8 aumentato solo. Un senso di libert\u00e0, le opportunit\u00e0 offerte dal godimento naturale e nel quadro della flessibilit\u00e0 degli orari di viaggio non pu\u00f2 essere confrontato con alloggiamento albergo. Gi\u00e0 casa mobile mobilize giorno di partenza \u00e8 una festa &#8211; non solo un semplice&#8230;<\/p>\n","protected":false},"author":1,"featured_media":0,"parent":0,"menu_order":0,"comment_status":"closed","ping_status":"closed","template":"","meta":{"footnotes":""},"class_list":["post-6","page","type-page","status-publish","hentry"],"yoast_head":"<!-- This site is optimized with the Yoast SEO plugin v27.4 - https:\/\/yoast.com\/product\/yoast-seo-wordpress\/ -->\n<title>Affittare camper Finlandia | Scandinavia | Affitto camper Finland | Camper noleggio Finlandia<\/title>\n<meta name=\"robots\" content=\"index, follow, max-snippet:-1, max-image-preview:large, max-video-preview:-1\" \/>\n<link rel=\"canonical\" href=\"https:\/\/www.northcaravan.fi\/ita\/\" \/>\n<meta property=\"og:locale\" content=\"fi_FI\" \/>\n<meta property=\"og:type\" content=\"article\" \/>\n<meta property=\"og:title\" content=\"Affittare camper Finlandia | Scandinavia | Affitto camper Finland | Camper noleggio Finlandia\" \/>\n<meta property=\"og:description\" content=\"Nel corso dei decenni, il nostro entusiasmo per il punto camper-turismo \u00e8 aumentato solo. Un senso di libert\u00e0, le opportunit\u00e0 offerte dal godimento naturale e nel quadro della flessibilit\u00e0 degli orari di viaggio non pu\u00f2 essere confrontato con alloggiamento albergo. Gi\u00e0 casa mobile mobilize giorno di partenza \u00e8 una festa &#8211; non solo un semplice...\" \/>\n<meta property=\"og:url\" content=\"https:\/\/www.northcaravan.fi\/ita\/\" \/>\n<meta property=\"og:site_name\" content=\"North Caravan Finland\" \/>\n<meta property=\"article:modified_time\" content=\"2023-02-25T13:54:47+00:00\" \/>\n<meta property=\"og:image\" content=\"http:\/\/www.northcaravan.fi\/wp-content\/uploads\/2016\/12\/motorhome.jpg\" \/>\n<meta name=\"twitter:card\" content=\"summary_large_image\" \/>\n<meta name=\"twitter:label1\" content=\"Arvioitu lukuaika\" \/>\n\t<meta name=\"twitter:data1\" content=\"4 minuuttia\" \/>\n<script type=\"application\/ld+json\" class=\"yoast-schema-graph\">{\"@context\":\"https:\\\/\\\/schema.org\",\"@graph\":[{\"@type\":\"WebPage\",\"@id\":\"https:\\\/\\\/www.northcaravan.fi\\\/ita\\\/\",\"url\":\"https:\\\/\\\/www.northcaravan.fi\\\/ita\\\/\",\"name\":\"Affittare camper Finlandia | Scandinavia | Affitto camper Finland | Camper noleggio Finlandia\",\"isPartOf\":{\"@id\":\"https:\\\/\\\/www.northcaravan.fi\\\/ita\\\/#website\"},\"primaryImageOfPage\":{\"@id\":\"https:\\\/\\\/www.northcaravan.fi\\\/ita\\\/#primaryimage\"},\"image\":{\"@id\":\"https:\\\/\\\/www.northcaravan.fi\\\/ita\\\/#primaryimage\"},\"thumbnailUrl\":\"http:\\\/\\\/www.northcaravan.fi\\\/wp-content\\\/uploads\\\/2016\\\/12\\\/motorhome.jpg\",\"datePublished\":\"2017-01-03T08:06:36+00:00\",\"dateModified\":\"2023-02-25T13:54:47+00:00\",\"breadcrumb\":{\"@id\":\"https:\\\/\\\/www.northcaravan.fi\\\/ita\\\/#breadcrumb\"},\"inLanguage\":\"fi\",\"potentialAction\":[{\"@type\":\"ReadAction\",\"target\":[\"https:\\\/\\\/www.northcaravan.fi\\\/ita\\\/\"]}]},{\"@type\":\"ImageObject\",\"inLanguage\":\"fi\",\"@id\":\"https:\\\/\\\/www.northcaravan.fi\\\/ita\\\/#primaryimage\",\"url\":\"http:\\\/\\\/www.northcaravan.fi\\\/wp-content\\\/uploads\\\/2016\\\/12\\\/motorhome.jpg\",\"contentUrl\":\"http:\\\/\\\/www.northcaravan.fi\\\/wp-content\\\/uploads\\\/2016\\\/12\\\/motorhome.jpg\"},{\"@type\":\"BreadcrumbList\",\"@id\":\"https:\\\/\\\/www.northcaravan.fi\\\/ita\\\/#breadcrumb\",\"itemListElement\":[{\"@type\":\"ListItem\",\"position\":1,\"name\":\"Etusivu\",\"item\":\"https:\\\/\\\/www.northcaravan.fi\\\/ita\\\/\"},{\"@type\":\"ListItem\",\"position\":2,\"name\":\"Affittare camper Finlandia\"}]},{\"@type\":\"WebSite\",\"@id\":\"https:\\\/\\\/www.northcaravan.fi\\\/ita\\\/#website\",\"url\":\"https:\\\/\\\/www.northcaravan.fi\\\/ita\\\/\",\"name\":\"North Caravan Finland\",\"description\":\"Camper noleggio Finlandia\",\"potentialAction\":[{\"@type\":\"SearchAction\",\"target\":{\"@type\":\"EntryPoint\",\"urlTemplate\":\"https:\\\/\\\/www.northcaravan.fi\\\/ita\\\/?s={search_term_string}\"},\"query-input\":{\"@type\":\"PropertyValueSpecification\",\"valueRequired\":true,\"valueName\":\"search_term_string\"}}],\"inLanguage\":\"fi\"}]}<\/script>\n<!-- \/ Yoast SEO plugin. -->","yoast_head_json":{"title":"Affittare camper Finlandia | Scandinavia | Affitto camper Finland | Camper noleggio Finlandia","robots":{"index":"index","follow":"follow","max-snippet":"max-snippet:-1","max-image-preview":"max-image-preview:large","max-video-preview":"max-video-preview:-1"},"canonical":"https:\/\/www.northcaravan.fi\/ita\/","og_locale":"fi_FI","og_type":"article","og_title":"Affittare camper Finlandia | Scandinavia | Affitto camper Finland | Camper noleggio Finlandia","og_description":"Nel corso dei decenni, il nostro entusiasmo per il punto camper-turismo \u00e8 aumentato solo. Un senso di libert\u00e0, le opportunit\u00e0 offerte dal godimento naturale e nel quadro della flessibilit\u00e0 degli orari di viaggio non pu\u00f2 essere confrontato con alloggiamento albergo. Gi\u00e0 casa mobile mobilize giorno di partenza \u00e8 una festa &#8211; non solo un semplice...","og_url":"https:\/\/www.northcaravan.fi\/ita\/","og_site_name":"North Caravan Finland","article_modified_time":"2023-02-25T13:54:47+00:00","og_image":[{"url":"http:\/\/www.northcaravan.fi\/wp-content\/uploads\/2016\/12\/motorhome.jpg","type":"","width":"","height":""}],"twitter_card":"summary_large_image","twitter_misc":{"Arvioitu lukuaika":"4 minuuttia"},"schema":{"@context":"https:\/\/schema.org","@graph":[{"@type":"WebPage","@id":"https:\/\/www.northcaravan.fi\/ita\/","url":"https:\/\/www.northcaravan.fi\/ita\/","name":"Affittare camper Finlandia | Scandinavia | Affitto camper Finland | Camper noleggio Finlandia","isPartOf":{"@id":"https:\/\/www.northcaravan.fi\/ita\/#website"},"primaryImageOfPage":{"@id":"https:\/\/www.northcaravan.fi\/ita\/#primaryimage"},"image":{"@id":"https:\/\/www.northcaravan.fi\/ita\/#primaryimage"},"thumbnailUrl":"http:\/\/www.northcaravan.fi\/wp-content\/uploads\/2016\/12\/motorhome.jpg","datePublished":"2017-01-03T08:06:36+00:00","dateModified":"2023-02-25T13:54:47+00:00","breadcrumb":{"@id":"https:\/\/www.northcaravan.fi\/ita\/#breadcrumb"},"inLanguage":"fi","potentialAction":[{"@type":"ReadAction","target":["https:\/\/www.northcaravan.fi\/ita\/"]}]},{"@type":"ImageObject","inLanguage":"fi","@id":"https:\/\/www.northcaravan.fi\/ita\/#primaryimage","url":"http:\/\/www.northcaravan.fi\/wp-content\/uploads\/2016\/12\/motorhome.jpg","contentUrl":"http:\/\/www.northcaravan.fi\/wp-content\/uploads\/2016\/12\/motorhome.jpg"},{"@type":"BreadcrumbList","@id":"https:\/\/www.northcaravan.fi\/ita\/#breadcrumb","itemListElement":[{"@type":"ListItem","position":1,"name":"Etusivu","item":"https:\/\/www.northcaravan.fi\/ita\/"},{"@type":"ListItem","position":2,"name":"Affittare camper Finlandia"}]},{"@type":"WebSite","@id":"https:\/\/www.northcaravan.fi\/ita\/#website","url":"https:\/\/www.northcaravan.fi\/ita\/","name":"North Caravan Finland","description":"Camper noleggio Finlandia","potentialAction":[{"@type":"SearchAction","target":{"@type":"EntryPoint","urlTemplate":"https:\/\/www.northcaravan.fi\/ita\/?s={search_term_string}"},"query-input":{"@type":"PropertyValueSpecification","valueRequired":true,"valueName":"search_term_string"}}],"inLanguage":"fi"}]}},"_links":{"self":[{"href":"https:\/\/www.northcaravan.fi\/ita\/wp-json\/wp\/v2\/pages\/6","targetHints":{"allow":["GET"]}}],"collection":[{"href":"https:\/\/www.northcaravan.fi\/ita\/wp-json\/wp\/v2\/pages"}],"about":[{"href":"https:\/\/www.northcaravan.fi\/ita\/wp-json\/wp\/v2\/types\/page"}],"author":[{"embeddable":true,"href":"https:\/\/www.northcaravan.fi\/ita\/wp-json\/wp\/v2\/users\/1"}],"replies":[{"embeddable":true,"href":"https:\/\/www.northcaravan.fi\/ita\/wp-json\/wp\/v2\/comments?post=6"}],"version-history":[{"count":13,"href":"https:\/\/www.northcaravan.fi\/ita\/wp-json\/wp\/v2\/pages\/6\/revisions"}],"predecessor-version":[{"id":92,"href":"https:\/\/www.northcaravan.fi\/ita\/wp-json\/wp\/v2\/pages\/6\/revisions\/92"}],"wp:attachment":[{"href":"https:\/\/www.northcaravan.fi\/ita\/wp-json\/wp\/v2\/media?parent=6"}],"curies":[{"name":"wp","href":"https:\/\/api.w.org\/{rel}","templated":true}]}}