{"id":118,"date":"2024-09-05T14:21:36","date_gmt":"2024-09-05T11:21:36","guid":{"rendered":"https:\/\/www.northcaravan.fi\/swe\/?page_id=118"},"modified":"2024-09-05T14:21:36","modified_gmt":"2024-09-05T11:21:36","slug":"gdpr-sekretesspolicy","status":"publish","type":"page","link":"https:\/\/www.northcaravan.fi\/swe\/gdpr-sekretesspolicy\/","title":{"rendered":"GDPR Sekretesspolicy"},"content":{"rendered":"<p><strong>Sekretesspolicy North Caravan<\/strong><\/p>\n<p><strong>1. Controller och kontaktperson<\/strong><br \/>\nRegistrator: North Caravan<br \/>\nAdress: Hotintie 18, 90630 Ule\u00e5borg<br \/>\nTelefon: +358 44 5569188<br \/>\nE-post: pekka@northcaravan.fi<br \/>\nKontaktperson och dataskyddsombud: Pekka Komulainen<\/p>\n<p><strong>2. Registrera namn och registrerade<\/strong><br \/>\nKundregister. F\u00f6retagets kunduppgifter behandlas i registret.<\/p>\n<p><strong>3. Syfte med behandling av personuppgifter<\/strong><br \/>\nSyftet med registret \u00e4r att uppdatera och underh\u00e5lla kunduppgifter.<br \/>\nRegistret anv\u00e4nds f\u00f6r fakturering av hyrbilen och f\u00f6r att skicka meddelanden som \u00e4r viktiga f\u00f6r kunden.<br \/>\nInformation l\u00e4mnas inte ut till tredje part.<\/p>\n<p><strong>4. Datainneh\u00e5ll i registret<\/strong><br \/>\nRegistret inneh\u00e5ller kontaktuppgifter till f\u00f6retagets kunder och annan n\u00f6dv\u00e4ndig information relaterad till medlemskap.<br \/>\nDenna information inkluderar:<\/p>\n<p>Hyresg\u00e4stens namn<br \/>\nHyrestagarens adress och hemvist<br \/>\nHyrestagarens faktureringsadress<br \/>\nHyresg\u00e4stens e-postadress<br \/>\nHyresg\u00e4stens telefonnummer<\/p>\n<p><strong>5. Regelbundna informationsk\u00e4llor<\/strong><\/p>\n<p>Kontaktuppgifter samlas in fr\u00e5n den registrerade personen.<\/p>\n<p><strong>6. Skydd av personuppgifter och informationss\u00e4kerhet<\/strong><br \/>\nKontaktuppgifterna till f\u00f6retagets kunder f\u00f6rvaras i North Caravans faktureringsbokf\u00f6ring. Registret lagras endast p\u00e5 h\u00e5rddisken p\u00e5 den dator som anv\u00e4nds f\u00f6r fakturering och dess backuper. Informationen kan inte n\u00e5s via internet. Tillg\u00e5ngen till personuppgifter \u00e4r begr\u00e4nsad och uppgifterna l\u00e4mnas inte ut till andra operat\u00f6rer. Personuppgifter kommer att sparas i registret s\u00e5 l\u00e4nge som den registrerade \u00e4r kund hos North Caravan. Allt manuellt material f\u00f6rvaras i l\u00e5st tillst\u00e5nd.<\/p>\n<p>Registeruppgifterna \u00e4r skyddade fr\u00e5n extern anv\u00e4ndning och anv\u00e4ndningen av kunduppgifter \u00f6vervakas. North Caravans dator \u00e4r skyddad. North Caravans e-postprogram sparar e-postadresserna till meddelanden som tas emot och skickas till f\u00f6retaget. Information som skickas via kontaktformul\u00e4ren p\u00e5 North Caravans hemsida kommer att vidarebefordras till North Caravans mejl.<\/p>\n<p>Datas\u00e4kerheten f\u00f6r e-postservern sk\u00f6ts av en p\u00e5litlig inhemsk tj\u00e4nsteleverant\u00f6r.<\/p>\n<p><strong>7. Regelbundna \u00f6verf\u00f6ringar och \u00f6verf\u00f6ringar av personuppgifter<\/strong><br \/>\nPersonuppgifter lagras endast i Nort Caravans interna system, som inte \u00e4r tillg\u00e4ngligt via internet. Personuppgifter kommer inte att l\u00e4mnas ut till andra operat\u00f6rer.<\/p>\n<p><strong>8. \u00d6verf\u00f6ringar av personuppgifter utanf\u00f6r Europeiska unionen eller Europeiska ekonomiska samarbetsomr\u00e5det<\/strong><br \/>\nBolaget anv\u00e4nder inte tj\u00e4nster utanf\u00f6r Europeiska Unionen eller Europeiska ekonomiska samarbetsomr\u00e5det f\u00f6r behandling av kontaktuppgifter eller \u00f6verf\u00f6ring av dessa, och inte l\u00e4ngre tillg\u00e5ng till informationen \u00e4n vad som \u00e4r n\u00f6dv\u00e4ndigt f\u00f6r att implementera tj\u00e4nsterna.<\/p>\n<p><strong>9. Lagringsperiod f\u00f6r personuppgifter<\/strong><br \/>\nPersonuppgifter kommer att sparas i registret s\u00e5 l\u00e4nge som den registrerade \u00e4r kund hos North Caravan.<\/p>\n<p><strong>10. Registrantens inspektionsr\u00e4tt<\/strong><br \/>\nDen registrerade har som huvudregel r\u00e4tt att kontrollera sina uppgifter som finns lagrade i personregistret, n\u00e4r<br \/>\nn\u00e5gra:<br \/>\n&#8211; f\u00e5 information om behandlingen av deras personuppgifter;<br \/>\n&#8211; f\u00e5 tillg\u00e5ng till sina egna uppgifter och kontrollera de personuppgifter om dem som behandlas av f\u00f6retaget;<br \/>\n&#8211; kr\u00e4va r\u00e4ttelse och komplettering av felaktiga och felaktiga personuppgifter;<br \/>\n&#8211; kr\u00e4va radering av sina personuppgifter;<br \/>\n&#8211; \u00e5terkalla sitt samtycke och inv\u00e4nda mot behandlingen av hans personuppgifter i den m\u00e5n behandlingen av personuppgifter baseras p\u00e5 den registrerades samtycke;<br \/>\n&#8211; inv\u00e4nder mot behandlingen av hans personuppgifter p\u00e5 grund av hans personliga speciella situation, i den m\u00e5n grunden f\u00f6r behandlingen av personuppgifter \u00e4r f\u00f6reningens ber\u00e4ttigade intresse;<br \/>\n&#8211; att ta emot sina personuppgifter i elektronisk form och \u00f6verf\u00f6ra relevanta uppgifter till en annan personuppgiftsansvarig, f\u00f6rutsatt att den registrerade sj\u00e4lv har l\u00e4mnat relevanta personuppgifter till f\u00f6retaget. F\u00f6retaget behandlar de aktuella personuppgifterna utifr\u00e5n den registrerades samtycke och behandlingen sker automatiskt;<br \/>\n&#8211; kr\u00e4va begr\u00e4nsning av behandlingen av deras personuppgifter.<\/p>\n<p>Den registrerade ska l\u00e4mna in en beg\u00e4ran om ut\u00f6vande av ovann\u00e4mnda r\u00e4ttighet i enlighet med punkt 1 (1) i detta dataskyddsf\u00f6rklaring &#8211; Personuppgiftsansvarig och kontaktperson. F\u00f6retaget kan be den registrerade att ange sin beg\u00e4ran skriftligen och att verifiera den registrerades identitet innan beg\u00e4ran behandlas. F\u00f6retaget kan v\u00e4gra att uppfylla beg\u00e4ran p\u00e5 den grund som anges i till\u00e4mplig lag.<\/p>\n<p><strong>11. R\u00e4tt att \u00f6verklaga till tillsynsmyndigheten<\/strong><br \/>\nVarje registrerad person har r\u00e4tt att inge ett klagom\u00e5l till den relevanta tillsynsmyndigheten eller tillsynsmyndigheten i EU:s medlemsland d\u00e4r den registrerade personen \u00e4r bosatt eller<br \/>\narbetsplatsen finns, om den registrerade anser att dennes personuppgifter inte har behandlats i enlighet med g\u00e4llande dataskyddslagstiftning.<\/p>\n<p><strong>12. Kontakter<\/strong><br \/>\nF\u00f6rfr\u00e5gningar om ut\u00f6vande av den registrerades r\u00e4ttigheter, fr\u00e5gor om denna dataskyddsf\u00f6rklaring och andra kontakter ska skickas till registeradministrat\u00f6rens e-post pekka@northcaravan.fi<br \/>\nDen registrerade kan \u00e4ven kontakta adressen nedan personligen eller skriftligen:<br \/>\nNorra husvagnen<br \/>\nPekka Komulainen<br \/>\nHotintie 18<br \/>\n90630 Ule\u00e5borg<\/p>\n<p><strong>13. \u00c4ndringar av denna sekretesspolicy<\/strong><br \/>\nDenna dataskyddsf\u00f6rklaring kan uppdateras d\u00e5 och d\u00e5, till exempel n\u00e4r lagstiftningen \u00e4ndras. Denna sekretesspolicy uppdaterades senast den 25 maj 2018.<\/p>\n","protected":false},"excerpt":{"rendered":"<p>Sekretesspolicy North Caravan 1. Controller och kontaktperson Registrator: North Caravan Adress: Hotintie 18, 90630 Ule\u00e5borg Telefon: +358 44 5569188 E-post: pekka@northcaravan.fi Kontaktperson och dataskyddsombud: Pekka Komulainen 2. Registrera namn och registrerade Kundregister. F\u00f6retagets kunduppgifter behandlas i registret. 3. Syfte med behandling av personuppgifter Syftet med registret \u00e4r att uppdatera och underh\u00e5lla kunduppgifter. Registret anv\u00e4nds f\u00f6r&#8230;<\/p>\n","protected":false},"author":1,"featured_media":0,"parent":0,"menu_order":0,"comment_status":"closed","ping_status":"closed","template":"","meta":{"footnotes":""},"class_list":["post-118","page","type-page","status-publish","hentry"],"yoast_head":"<!-- This site is optimized with the Yoast SEO plugin v27.4 - https:\/\/yoast.com\/product\/yoast-seo-wordpress\/ -->\n<title>GDPR Sekretesspolicy - North Caravan Finland<\/title>\n<meta name=\"robots\" content=\"index, follow, max-snippet:-1, max-image-preview:large, max-video-preview:-1\" \/>\n<link rel=\"canonical\" href=\"https:\/\/www.northcaravan.fi\/swe\/gdpr-sekretesspolicy\/\" \/>\n<meta property=\"og:locale\" content=\"fi_FI\" \/>\n<meta property=\"og:type\" content=\"article\" \/>\n<meta property=\"og:title\" content=\"GDPR Sekretesspolicy - North Caravan Finland\" \/>\n<meta property=\"og:description\" content=\"Sekretesspolicy North Caravan 1. Controller och kontaktperson Registrator: North Caravan Adress: Hotintie 18, 90630 Ule\u00e5borg Telefon: +358 44 5569188 E-post: pekka@northcaravan.fi Kontaktperson och dataskyddsombud: Pekka Komulainen 2. Registrera namn och registrerade Kundregister. F\u00f6retagets kunduppgifter behandlas i registret. 3. Syfte med behandling av personuppgifter Syftet med registret \u00e4r att uppdatera och underh\u00e5lla kunduppgifter. Registret anv\u00e4nds f\u00f6r...\" \/>\n<meta property=\"og:url\" content=\"https:\/\/www.northcaravan.fi\/swe\/gdpr-sekretesspolicy\/\" \/>\n<meta property=\"og:site_name\" content=\"North Caravan Finland\" \/>\n<meta name=\"twitter:card\" content=\"summary_large_image\" \/>\n<meta name=\"twitter:label1\" content=\"Arvioitu lukuaika\" \/>\n\t<meta name=\"twitter:data1\" content=\"5 minuuttia\" \/>\n<script type=\"application\/ld+json\" class=\"yoast-schema-graph\">{\"@context\":\"https:\\\/\\\/schema.org\",\"@graph\":[{\"@type\":\"WebPage\",\"@id\":\"https:\\\/\\\/www.northcaravan.fi\\\/swe\\\/gdpr-sekretesspolicy\\\/\",\"url\":\"https:\\\/\\\/www.northcaravan.fi\\\/swe\\\/gdpr-sekretesspolicy\\\/\",\"name\":\"GDPR Sekretesspolicy - North Caravan Finland\",\"isPartOf\":{\"@id\":\"https:\\\/\\\/www.northcaravan.fi\\\/swe\\\/#website\"},\"datePublished\":\"2024-09-05T11:21:36+00:00\",\"breadcrumb\":{\"@id\":\"https:\\\/\\\/www.northcaravan.fi\\\/swe\\\/gdpr-sekretesspolicy\\\/#breadcrumb\"},\"inLanguage\":\"fi\",\"potentialAction\":[{\"@type\":\"ReadAction\",\"target\":[\"https:\\\/\\\/www.northcaravan.fi\\\/swe\\\/gdpr-sekretesspolicy\\\/\"]}]},{\"@type\":\"BreadcrumbList\",\"@id\":\"https:\\\/\\\/www.northcaravan.fi\\\/swe\\\/gdpr-sekretesspolicy\\\/#breadcrumb\",\"itemListElement\":[{\"@type\":\"ListItem\",\"position\":1,\"name\":\"Etusivu\",\"item\":\"https:\\\/\\\/www.northcaravan.fi\\\/swe\\\/\"},{\"@type\":\"ListItem\",\"position\":2,\"name\":\"GDPR Sekretesspolicy\"}]},{\"@type\":\"WebSite\",\"@id\":\"https:\\\/\\\/www.northcaravan.fi\\\/swe\\\/#website\",\"url\":\"https:\\\/\\\/www.northcaravan.fi\\\/swe\\\/\",\"name\":\"North Caravan Finland\",\"description\":\"Husbil f\u00f6r uthyrning i Finland\",\"potentialAction\":[{\"@type\":\"SearchAction\",\"target\":{\"@type\":\"EntryPoint\",\"urlTemplate\":\"https:\\\/\\\/www.northcaravan.fi\\\/swe\\\/?s={search_term_string}\"},\"query-input\":{\"@type\":\"PropertyValueSpecification\",\"valueRequired\":true,\"valueName\":\"search_term_string\"}}],\"inLanguage\":\"fi\"}]}<\/script>\n<!-- \/ Yoast SEO plugin. -->","yoast_head_json":{"title":"GDPR Sekretesspolicy - North Caravan Finland","robots":{"index":"index","follow":"follow","max-snippet":"max-snippet:-1","max-image-preview":"max-image-preview:large","max-video-preview":"max-video-preview:-1"},"canonical":"https:\/\/www.northcaravan.fi\/swe\/gdpr-sekretesspolicy\/","og_locale":"fi_FI","og_type":"article","og_title":"GDPR Sekretesspolicy - North Caravan Finland","og_description":"Sekretesspolicy North Caravan 1. Controller och kontaktperson Registrator: North Caravan Adress: Hotintie 18, 90630 Ule\u00e5borg Telefon: +358 44 5569188 E-post: pekka@northcaravan.fi Kontaktperson och dataskyddsombud: Pekka Komulainen 2. Registrera namn och registrerade Kundregister. F\u00f6retagets kunduppgifter behandlas i registret. 3. Syfte med behandling av personuppgifter Syftet med registret \u00e4r att uppdatera och underh\u00e5lla kunduppgifter. Registret anv\u00e4nds f\u00f6r...","og_url":"https:\/\/www.northcaravan.fi\/swe\/gdpr-sekretesspolicy\/","og_site_name":"North Caravan Finland","twitter_card":"summary_large_image","twitter_misc":{"Arvioitu lukuaika":"5 minuuttia"},"schema":{"@context":"https:\/\/schema.org","@graph":[{"@type":"WebPage","@id":"https:\/\/www.northcaravan.fi\/swe\/gdpr-sekretesspolicy\/","url":"https:\/\/www.northcaravan.fi\/swe\/gdpr-sekretesspolicy\/","name":"GDPR Sekretesspolicy - North Caravan Finland","isPartOf":{"@id":"https:\/\/www.northcaravan.fi\/swe\/#website"},"datePublished":"2024-09-05T11:21:36+00:00","breadcrumb":{"@id":"https:\/\/www.northcaravan.fi\/swe\/gdpr-sekretesspolicy\/#breadcrumb"},"inLanguage":"fi","potentialAction":[{"@type":"ReadAction","target":["https:\/\/www.northcaravan.fi\/swe\/gdpr-sekretesspolicy\/"]}]},{"@type":"BreadcrumbList","@id":"https:\/\/www.northcaravan.fi\/swe\/gdpr-sekretesspolicy\/#breadcrumb","itemListElement":[{"@type":"ListItem","position":1,"name":"Etusivu","item":"https:\/\/www.northcaravan.fi\/swe\/"},{"@type":"ListItem","position":2,"name":"GDPR Sekretesspolicy"}]},{"@type":"WebSite","@id":"https:\/\/www.northcaravan.fi\/swe\/#website","url":"https:\/\/www.northcaravan.fi\/swe\/","name":"North Caravan Finland","description":"Husbil f\u00f6r uthyrning i Finland","potentialAction":[{"@type":"SearchAction","target":{"@type":"EntryPoint","urlTemplate":"https:\/\/www.northcaravan.fi\/swe\/?s={search_term_string}"},"query-input":{"@type":"PropertyValueSpecification","valueRequired":true,"valueName":"search_term_string"}}],"inLanguage":"fi"}]}},"_links":{"self":[{"href":"https:\/\/www.northcaravan.fi\/swe\/wp-json\/wp\/v2\/pages\/118","targetHints":{"allow":["GET"]}}],"collection":[{"href":"https:\/\/www.northcaravan.fi\/swe\/wp-json\/wp\/v2\/pages"}],"about":[{"href":"https:\/\/www.northcaravan.fi\/swe\/wp-json\/wp\/v2\/types\/page"}],"author":[{"embeddable":true,"href":"https:\/\/www.northcaravan.fi\/swe\/wp-json\/wp\/v2\/users\/1"}],"replies":[{"embeddable":true,"href":"https:\/\/www.northcaravan.fi\/swe\/wp-json\/wp\/v2\/comments?post=118"}],"version-history":[{"count":1,"href":"https:\/\/www.northcaravan.fi\/swe\/wp-json\/wp\/v2\/pages\/118\/revisions"}],"predecessor-version":[{"id":120,"href":"https:\/\/www.northcaravan.fi\/swe\/wp-json\/wp\/v2\/pages\/118\/revisions\/120"}],"wp:attachment":[{"href":"https:\/\/www.northcaravan.fi\/swe\/wp-json\/wp\/v2\/media?parent=118"}],"curies":[{"name":"wp","href":"https:\/\/api.w.org\/{rel}","templated":true}]}}