{"id":21,"date":"2017-01-03T09:47:47","date_gmt":"2017-01-03T07:47:47","guid":{"rendered":"http:\/\/whm24.louhi.net\/~northcar\/swe\/?page_id=21"},"modified":"2025-10-25T15:16:17","modified_gmt":"2025-10-25T12:16:17","slug":"asuntoauton-vuokraus-hinnasto","status":"publish","type":"page","link":"https:\/\/www.northcaravan.fi\/swe\/asuntoauton-vuokraus-hinnasto\/","title":{"rendered":"Prislist"},"content":{"rendered":"<table border=\"1\" width=\"60%\">\n<caption align=\"top\"><strong>Distans fr\u00e5n Ule\u00e5borg (Oulu) till:<\/strong><\/caption>\n<tbody>\n<tr>\n<td>Helsinki<\/td>\n<td>\u00a0\u00a0\u00a0 616 km<\/td>\n<\/tr>\n<tr>\n<td>Arctic circle<\/td>\n<td>\u00a0\u00a0\u00a0 240 km<\/td>\n<\/tr>\n<tr>\n<td>Haparanda<\/td>\n<td>\u00a0\u00a0\u00a0 120 km<\/td>\n<\/tr>\n<tr>\n<td>Nordkapp<\/td>\n<td>\u00a0\u00a0\u00a0 896 km<\/td>\n<\/tr>\n<tr>\n<td>Lofoten island&#8217;s<\/td>\n<td>\u00a0\u00a0 768 km<\/td>\n<\/tr>\n<tr>\n<td>Stockholm (om bord)<\/td>\n<td>\u00a0\u00a0 620 km<\/td>\n<\/tr>\n<\/tbody>\n<\/table>\n<p>&nbsp;<\/p>\n<table>\n<tbody>\n<tr>\n<td>Direkt flygf\u00f6rbindelsen fr\u00e4n Stockholm till Ule\u00e5borg (Oulu) in Finland by SAS<br \/>\nFr\u00e5n flygstation till oss \u00e4r 15 min, med taxi, det betalar omkring (330 kr) 30\u00a0\u20ac \/ 4 person<\/td>\n<\/tr>\n<\/tbody>\n<\/table>\n<p>&nbsp;<\/p>\n<table border=\"1\" width=\"60%\">\n<caption align=\"top\"><strong>Husbil information:<\/strong><\/caption>\n<tbody>\n<tr>\n<td>Modell<\/td>\n<td>\u00a0New Adria Matrix 670 SL<\/td>\n<\/tr>\n<tr>\n<td>\u00c5r modell<\/td>\n<td>\u00a02022<\/td>\n<\/tr>\n<tr>\n<td>Chassi<\/td>\n<td>\u00a0Fiat 2,2 JTD Ducato<\/td>\n<\/tr>\n<tr>\n<td>Slaf av<\/td>\n<td>\u00a03 + 2 person<\/td>\n<\/tr>\n<\/tbody>\n<\/table>\n<p>&nbsp;<\/p>\n<table border=\"1\" width=\"45%\">\n<caption><strong>F\u00f6rn\u00f6denheter:<\/strong><\/caption>\n<tbody>\n<tr>\n<td>Central v\u00e4rme med vatten<br \/>\nElv\u00e4rme golv<br \/>\nStor iskopet 103 liter<br \/>\nCruise control system<br \/>\nDush och WC<br \/>\nV\u00e4gkartor av Finland, Kartor av Europa. Nordkalotten v\u00e4gkartan.<\/td>\n<\/tr>\n<\/tbody>\n<\/table>\n<p>&nbsp;<\/p>\n<table border=\"1\" width=\"65%\">\n<caption>\u00a0<b>Till\u00e4gg material med extra priset<\/b><\/caption>\n<tbody>\n<tr>\n<td align=\"CENTER\">Remote control Cd &#8211; Radio and TV 14&#8243;<\/td>\n<td align=\"CENTER\">4,00\u00a0\u20ac \/dag<\/td>\n<\/tr>\n<tr>\n<td align=\"CENTER\">Servis f\u00f6r 6 person, kaffebryggare,<\/td>\n<td align=\"CENTER\">32,00\u00a0\u20ac \/ period<\/td>\n<\/tr>\n<tr>\n<td align=\"CENTER\">Gasol<\/td>\n<td align=\"CENTER\">5,00 \u20ac \/dag<\/td>\n<\/tr>\n<tr align=\"CENTER\">\n<td>S\u00e4ng kl\u00e4der och handduken<\/td>\n<td>20,00 \u20ac \/ person<\/td>\n<\/tr>\n<\/tbody>\n<\/table>\n<p>&nbsp;<\/p>\n<table border=\"1\" width=\"60%\">\n<caption><strong>Pris list 2026<\/strong><\/caption>\n<tbody>\n<tr>\n<td style=\"width: 60.7223%;\" align=\"CENTER\">Pris<\/td>\n<td style=\"width: 37.6975%;\" align=\"CENTER\">Veckan numret<\/td>\n<\/tr>\n<tr>\n<td style=\"width: 60.7223%;\" align=\"CENTER\">160 \u20ac \/ dygn, min 3 dygn<\/td>\n<td style=\"width: 37.6975%;\" align=\"CENTER\">1 &#8211; 21<\/td>\n<\/tr>\n<tr>\n<td style=\"width: 60.7223%;\" align=\"CENTER\">1490 \u20ac\/vecka<\/td>\n<td style=\"width: 37.6975%;\" align=\"CENTER\">22 &#8211; 33<\/td>\n<\/tr>\n<tr>\n<td style=\"width: 60.7223%;\" align=\"CENTER\">1280 \u20ac\/vecka<\/td>\n<td style=\"width: 37.6975%;\" align=\"CENTER\">34 &#8211; 40<\/td>\n<\/tr>\n<tr>\n<td style=\"width: 60.7223%;\" align=\"CENTER\">160 \u20ac \/ dygn, min 400 \u20ac<\/td>\n<td style=\"width: 37.6975%;\" align=\"CENTER\">41 &#8211; 52<\/td>\n<\/tr>\n<\/tbody>\n<\/table>\n<p>&nbsp;<\/p>\n<table>\n<tbody>\n<tr>\n<td>\u00a0\u00a0 5 % rabbat av tredje veckan priset<br \/>\n10 % rabbat av f\u00e4jrde veckan priset<\/td>\n<\/tr>\n<\/tbody>\n<\/table>\n<p>&nbsp;<\/p>\n<table border=\"1\" width=\"56%\">\n<caption align=\"top\"><strong>Pris inneh\u00e4ller: <\/strong><\/caption>\n<tbody>\n<tr>\n<td>Husbil med f\u00f6rn\u00f6denheter 280 km per dygn, till\u00e4gg km betalar (3,47 Kr) 0,45 \u20ac.<br \/>\nF\u00f6rs\u00e4kring, sj\u00e4lvrisk \u00e4r (9100 Kr) 1000, 500 eller 200 \u20ac.<br \/>\nMoms 25,5 %<\/td>\n<\/tr>\n<\/tbody>\n<\/table>\n<p>&nbsp;<\/p>\n<table border=\"1\" width=\"60%\">\n<caption align=\"top\"><strong>Tillv\u00e4gag\u00e4ngss\u00e4tt av uthyrning:<\/strong><\/caption>\n<tbody>\n<tr>\n<td>Skicka e-mail till oss. Vi ber\u00e4ttar om veckan som du vill har \u00e4r ledigt.<br \/>\nReservation avgift \u00e4r 20 % av total priset. Du kan betala med <b>VISA, EuroCard<\/b> eller <b>Mastercard<\/b>. \u00c5terstoden av priset du betalar h\u00e4r i Finland n\u00e4r du mottas husbilen.<\/td>\n<\/tr>\n<\/tbody>\n<\/table>\n<p>&nbsp;<\/p>\n<table border=\"1\" width=\"60%\">\n<caption><b>F\u00f6rs\u00e4kring:<\/b><\/caption>\n<tbody>\n<tr>\n<td width=\"80%\" height=\"80%\">F\u00f6rs\u00e4kringssystemet \u00e4r uppdelat i 2 kategorier i Skandinavien. F\u00f6rsta kategorin \u00e4r obligatorisk f\u00f6rs\u00e4kring, som t\u00e4cker skador p\u00e5 motparten i h\u00e4ndelse av olycka som orsakats av v\u00e5rdsl\u00f6s part. Andra kategorin \u00e4r kollision f\u00f6rs\u00e4kring, som t\u00e4cker skador p\u00e5 fordonet av oaktsamhet parti. Det Kollision f\u00f6rs\u00e4kring t\u00e4cker skador p\u00e5 eget fordon i ett fall av olycka, brand eller st\u00f6ld. F\u00f6rs\u00e4kringen g\u00e4ller inte om fordonet anv\u00e4nds under p\u00e5verkan av alkohol eller narkotika. Ocks\u00e5, \u00c4r f\u00f6rs\u00e4kringen inte g\u00e4ller om hyresg\u00e4sten eller hans parti orsakar skador p\u00e5 grund av v\u00e5rdsl\u00f6s beteende. Rental Company erbjuder b\u00e5de f\u00f6rs\u00e4kringar kostnadsfritt till alla hyresg\u00e4ster. Kollisionen f\u00f6rs\u00e4kring har \u20ac 1,000, &#8211; avdragsgill, vilket inneb\u00e4r att du \u00e4r ansvarig att betala upp till \u20ac 1000, &#8211; om han eller hon orsakar en skada eller en olycka till fordonet Kollisionen f\u00f6rs\u00e4kring kommer att betala \u00f6verskottet av \u20ac 1,000. Det \u00e4r mycket viktigt att notera att den avdragsgilla \u00e4r per skada eller olycka inte per hyresperioden. North Caravan har \u00e4ven tv\u00e5 olika alternativ omfattande f\u00f6rs\u00e4kringsskydd till kunder, som hyr en husbil under minst en vecka. Kunderna kan v\u00e4lja att k\u00f6pa mer omfattande kollision t\u00e4ckning och f\u00f6r att minska det avdragsgilla beloppet till \u20ac 500, &#8211; genom att betala \u20ac 8, &#8211; per hyra dag eller \u20ac 200, &#8211; genom att betala \u20ac 16, &#8211; per hyra dag. Minimiperiod \u00e4r en 7 dagars hyra.<\/td>\n<\/tr>\n<\/tbody>\n<\/table>\n<p>&nbsp;<\/p>\n<table border=\"1\" width=\"60%\">\n<caption><b>Reng\u00f6ring:<\/b><\/caption>\n<tbody>\n<tr>\n<td>Fordonet m\u00e5ste \u00e5terl\u00e4mnas ren inuti, med tom avloppsvattentank och toalett kassett. Underl\u00e5tenhet att f\u00f6lja kommer att medf\u00f6ra en reng\u00f6ring avgift p\u00e5 \u20ac 175, -.<br \/>\nR\u00f6kning \u00e4r f\u00f6rbjuden i husbilen, debiterar vi \u20ac 850, &#8211; om denna regel \u00e4r bruten.<br \/>\nDjur \u00e4r inte till\u00e5tna i de campare, straffavgiften \u00e4r \u20ac 400, -.<\/td>\n<\/tr>\n<\/tbody>\n<\/table>\n<p>&nbsp;<\/p>\n<table border=\"1\" width=\"60%\">\n<caption><b>S\u00e4kerhet:<\/b><\/caption>\n<tbody>\n<tr>\n<td>Ins\u00e4ttning, kommer beloppet vara outtalade , kr\u00e4vs vid avresan f\u00f6r att s\u00e4kerst\u00e4lla att fordonet \u00e5terl\u00e4mnas i samma skick som vid h\u00e4mtning. Ins\u00e4ttning \u00e4r gjord med ett kreditkortsnummer , som redan kr\u00e4vs n\u00e4r du bokar husbil, eller senast vid pick-up.<br \/>\nINGEN CAMPER delas ut utan ett kreditkortsnummer ! Eller deposition betalas kontant.<\/td>\n<\/tr>\n<\/tbody>\n<\/table>\n<p>&nbsp;<\/p>\n<table border=\"1\" width=\"60%\">\n<caption><strong>Kontakt och reservation:<\/strong><\/caption>\n<tbody>\n<tr>\n<td>North &#8211; Caravan, Finland<\/td>\n<td>Pekka Komulainen<\/td>\n<\/tr>\n<tr>\n<td>Hotintie 18, 90630 Oulu, Finland<\/td>\n<td>Tel. +358 44 556 9188<\/td>\n<\/tr>\n<tr>\n<td>e-mail:\u00a0info(at)northcaravan.com<\/td>\n<td>Fax\u00a0 &#8212;-<\/td>\n<\/tr>\n<\/tbody>\n<\/table>\n<p>&nbsp;<\/p>\n","protected":false},"excerpt":{"rendered":"<p>Distans fr\u00e5n Ule\u00e5borg (Oulu) till: Helsinki \u00a0\u00a0\u00a0 616 km Arctic circle \u00a0\u00a0\u00a0 240 km Haparanda \u00a0\u00a0\u00a0 120 km Nordkapp \u00a0\u00a0\u00a0 896 km Lofoten island&#8217;s \u00a0\u00a0 768 km Stockholm (om bord) \u00a0\u00a0 620 km &nbsp; Direkt flygf\u00f6rbindelsen fr\u00e4n Stockholm till Ule\u00e5borg (Oulu) in Finland by SAS Fr\u00e5n flygstation till oss \u00e4r 15 min, med taxi, det&#8230;<\/p>\n","protected":false},"author":1,"featured_media":0,"parent":0,"menu_order":0,"comment_status":"closed","ping_status":"closed","template":"","meta":{"footnotes":""},"class_list":["post-21","page","type-page","status-publish","hentry"],"yoast_head":"<!-- This site is optimized with the Yoast SEO plugin v27.4 - https:\/\/yoast.com\/product\/yoast-seo-wordpress\/ -->\n<title>Prislist - North Caravan Finland<\/title>\n<meta name=\"robots\" content=\"index, follow, max-snippet:-1, max-image-preview:large, max-video-preview:-1\" \/>\n<link rel=\"canonical\" href=\"https:\/\/www.northcaravan.fi\/swe\/asuntoauton-vuokraus-hinnasto\/\" \/>\n<meta property=\"og:locale\" content=\"fi_FI\" \/>\n<meta property=\"og:type\" content=\"article\" \/>\n<meta property=\"og:title\" content=\"Prislist - North Caravan Finland\" \/>\n<meta property=\"og:description\" content=\"Distans fr\u00e5n Ule\u00e5borg (Oulu) till: Helsinki \u00a0\u00a0\u00a0 616 km Arctic circle \u00a0\u00a0\u00a0 240 km Haparanda \u00a0\u00a0\u00a0 120 km Nordkapp \u00a0\u00a0\u00a0 896 km Lofoten island&#8217;s \u00a0\u00a0 768 km Stockholm (om bord) \u00a0\u00a0 620 km &nbsp; Direkt flygf\u00f6rbindelsen fr\u00e4n Stockholm till Ule\u00e5borg (Oulu) in Finland by SAS Fr\u00e5n flygstation till oss \u00e4r 15 min, med taxi, det...\" \/>\n<meta property=\"og:url\" content=\"https:\/\/www.northcaravan.fi\/swe\/asuntoauton-vuokraus-hinnasto\/\" \/>\n<meta property=\"og:site_name\" content=\"North Caravan Finland\" \/>\n<meta property=\"article:modified_time\" content=\"2025-10-25T12:16:17+00:00\" \/>\n<meta name=\"twitter:card\" content=\"summary_large_image\" \/>\n<meta name=\"twitter:label1\" content=\"Arvioitu lukuaika\" \/>\n\t<meta name=\"twitter:data1\" content=\"4 minuuttia\" \/>\n<script type=\"application\/ld+json\" class=\"yoast-schema-graph\">{\"@context\":\"https:\\\/\\\/schema.org\",\"@graph\":[{\"@type\":\"WebPage\",\"@id\":\"https:\\\/\\\/www.northcaravan.fi\\\/swe\\\/asuntoauton-vuokraus-hinnasto\\\/\",\"url\":\"https:\\\/\\\/www.northcaravan.fi\\\/swe\\\/asuntoauton-vuokraus-hinnasto\\\/\",\"name\":\"Prislist - North Caravan Finland\",\"isPartOf\":{\"@id\":\"https:\\\/\\\/www.northcaravan.fi\\\/swe\\\/#website\"},\"datePublished\":\"2017-01-03T07:47:47+00:00\",\"dateModified\":\"2025-10-25T12:16:17+00:00\",\"breadcrumb\":{\"@id\":\"https:\\\/\\\/www.northcaravan.fi\\\/swe\\\/asuntoauton-vuokraus-hinnasto\\\/#breadcrumb\"},\"inLanguage\":\"fi\",\"potentialAction\":[{\"@type\":\"ReadAction\",\"target\":[\"https:\\\/\\\/www.northcaravan.fi\\\/swe\\\/asuntoauton-vuokraus-hinnasto\\\/\"]}]},{\"@type\":\"BreadcrumbList\",\"@id\":\"https:\\\/\\\/www.northcaravan.fi\\\/swe\\\/asuntoauton-vuokraus-hinnasto\\\/#breadcrumb\",\"itemListElement\":[{\"@type\":\"ListItem\",\"position\":1,\"name\":\"Etusivu\",\"item\":\"https:\\\/\\\/www.northcaravan.fi\\\/swe\\\/\"},{\"@type\":\"ListItem\",\"position\":2,\"name\":\"Prislist\"}]},{\"@type\":\"WebSite\",\"@id\":\"https:\\\/\\\/www.northcaravan.fi\\\/swe\\\/#website\",\"url\":\"https:\\\/\\\/www.northcaravan.fi\\\/swe\\\/\",\"name\":\"North Caravan Finland\",\"description\":\"Husbil f\u00f6r uthyrning i Finland\",\"potentialAction\":[{\"@type\":\"SearchAction\",\"target\":{\"@type\":\"EntryPoint\",\"urlTemplate\":\"https:\\\/\\\/www.northcaravan.fi\\\/swe\\\/?s={search_term_string}\"},\"query-input\":{\"@type\":\"PropertyValueSpecification\",\"valueRequired\":true,\"valueName\":\"search_term_string\"}}],\"inLanguage\":\"fi\"}]}<\/script>\n<!-- \/ Yoast SEO plugin. -->","yoast_head_json":{"title":"Prislist - North Caravan Finland","robots":{"index":"index","follow":"follow","max-snippet":"max-snippet:-1","max-image-preview":"max-image-preview:large","max-video-preview":"max-video-preview:-1"},"canonical":"https:\/\/www.northcaravan.fi\/swe\/asuntoauton-vuokraus-hinnasto\/","og_locale":"fi_FI","og_type":"article","og_title":"Prislist - North Caravan Finland","og_description":"Distans fr\u00e5n Ule\u00e5borg (Oulu) till: Helsinki \u00a0\u00a0\u00a0 616 km Arctic circle \u00a0\u00a0\u00a0 240 km Haparanda \u00a0\u00a0\u00a0 120 km Nordkapp \u00a0\u00a0\u00a0 896 km Lofoten island&#8217;s \u00a0\u00a0 768 km Stockholm (om bord) \u00a0\u00a0 620 km &nbsp; Direkt flygf\u00f6rbindelsen fr\u00e4n Stockholm till Ule\u00e5borg (Oulu) in Finland by SAS Fr\u00e5n flygstation till oss \u00e4r 15 min, med taxi, det...","og_url":"https:\/\/www.northcaravan.fi\/swe\/asuntoauton-vuokraus-hinnasto\/","og_site_name":"North Caravan Finland","article_modified_time":"2025-10-25T12:16:17+00:00","twitter_card":"summary_large_image","twitter_misc":{"Arvioitu lukuaika":"4 minuuttia"},"schema":{"@context":"https:\/\/schema.org","@graph":[{"@type":"WebPage","@id":"https:\/\/www.northcaravan.fi\/swe\/asuntoauton-vuokraus-hinnasto\/","url":"https:\/\/www.northcaravan.fi\/swe\/asuntoauton-vuokraus-hinnasto\/","name":"Prislist - North Caravan Finland","isPartOf":{"@id":"https:\/\/www.northcaravan.fi\/swe\/#website"},"datePublished":"2017-01-03T07:47:47+00:00","dateModified":"2025-10-25T12:16:17+00:00","breadcrumb":{"@id":"https:\/\/www.northcaravan.fi\/swe\/asuntoauton-vuokraus-hinnasto\/#breadcrumb"},"inLanguage":"fi","potentialAction":[{"@type":"ReadAction","target":["https:\/\/www.northcaravan.fi\/swe\/asuntoauton-vuokraus-hinnasto\/"]}]},{"@type":"BreadcrumbList","@id":"https:\/\/www.northcaravan.fi\/swe\/asuntoauton-vuokraus-hinnasto\/#breadcrumb","itemListElement":[{"@type":"ListItem","position":1,"name":"Etusivu","item":"https:\/\/www.northcaravan.fi\/swe\/"},{"@type":"ListItem","position":2,"name":"Prislist"}]},{"@type":"WebSite","@id":"https:\/\/www.northcaravan.fi\/swe\/#website","url":"https:\/\/www.northcaravan.fi\/swe\/","name":"North Caravan Finland","description":"Husbil f\u00f6r uthyrning i Finland","potentialAction":[{"@type":"SearchAction","target":{"@type":"EntryPoint","urlTemplate":"https:\/\/www.northcaravan.fi\/swe\/?s={search_term_string}"},"query-input":{"@type":"PropertyValueSpecification","valueRequired":true,"valueName":"search_term_string"}}],"inLanguage":"fi"}]}},"_links":{"self":[{"href":"https:\/\/www.northcaravan.fi\/swe\/wp-json\/wp\/v2\/pages\/21","targetHints":{"allow":["GET"]}}],"collection":[{"href":"https:\/\/www.northcaravan.fi\/swe\/wp-json\/wp\/v2\/pages"}],"about":[{"href":"https:\/\/www.northcaravan.fi\/swe\/wp-json\/wp\/v2\/types\/page"}],"author":[{"embeddable":true,"href":"https:\/\/www.northcaravan.fi\/swe\/wp-json\/wp\/v2\/users\/1"}],"replies":[{"embeddable":true,"href":"https:\/\/www.northcaravan.fi\/swe\/wp-json\/wp\/v2\/comments?post=21"}],"version-history":[{"count":29,"href":"https:\/\/www.northcaravan.fi\/swe\/wp-json\/wp\/v2\/pages\/21\/revisions"}],"predecessor-version":[{"id":130,"href":"https:\/\/www.northcaravan.fi\/swe\/wp-json\/wp\/v2\/pages\/21\/revisions\/130"}],"wp:attachment":[{"href":"https:\/\/www.northcaravan.fi\/swe\/wp-json\/wp\/v2\/media?parent=21"}],"curies":[{"name":"wp","href":"https:\/\/api.w.org\/{rel}","templated":true}]}}